{"id":34,"date":"2023-12-05T21:38:35","date_gmt":"2023-12-05T20:38:35","guid":{"rendered":"https:\/\/www.scee.mx\/?page_id=34"},"modified":"2024-06-21T14:16:22","modified_gmt":"2024-06-21T20:16:22","slug":"proyectos-electricos-industriales","status":"publish","type":"page","link":"https:\/\/www.scee.mx\/index.php\/proyectos-electricos-industriales\/","title":{"rendered":"Proyectos electricos industriales"},"content":{"rendered":"\t\t<div data-elementor-type=\"wp-page\" data-elementor-id=\"34\" class=\"elementor elementor-34\" data-elementor-post-type=\"page\">\n\t\t\t\t<div class=\"elementor-element elementor-element-2fd14f0 e-flex e-con-boxed e-con e-parent\" data-id=\"2fd14f0\" data-element_type=\"container\" data-settings=\"{&quot;background_background&quot;:&quot;classic&quot;}\">\n\t\t\t\t\t<div class=\"e-con-inner\">\n\t\t\t\t<div class=\"elementor-element elementor-element-bf48f47 elementor-widget elementor-widget-spacer\" data-id=\"bf48f47\" data-element_type=\"widget\" data-widget_type=\"spacer.default\">\n\t\t\t\t<div class=\"elementor-widget-container\">\n\t\t\t\t\t\t\t<div class=\"elementor-spacer\">\n\t\t\t<div class=\"elementor-spacer-inner\"><\/div>\n\t\t<\/div>\n\t\t\t\t\t\t<\/div>\n\t\t\t\t<\/div>\n\t\t\t\t<div class=\"elementor-element elementor-element-bb9c91c elementor-widget elementor-widget-heading\" data-id=\"bb9c91c\" data-element_type=\"widget\" data-widget_type=\"heading.default\">\n\t\t\t\t<div class=\"elementor-widget-container\">\n\t\t\t\t\t<h2 class=\"elementor-heading-title elementor-size-default\">PROYECTOS ELECTRICOS INDUSTRIALES<\/h2>\t\t\t\t<\/div>\n\t\t\t\t<\/div>\n\t\t\t\t<div class=\"elementor-element elementor-element-6cf50c1 elementor-widget elementor-widget-spacer\" data-id=\"6cf50c1\" data-element_type=\"widget\" data-widget_type=\"spacer.default\">\n\t\t\t\t<div class=\"elementor-widget-container\">\n\t\t\t\t\t\t\t<div class=\"elementor-spacer\">\n\t\t\t<div class=\"elementor-spacer-inner\"><\/div>\n\t\t<\/div>\n\t\t\t\t\t\t<\/div>\n\t\t\t\t<\/div>\n\t\t\t\t\t<\/div>\n\t\t\t\t<\/div>\n\t\t<div class=\"elementor-element elementor-element-e185e08 e-flex e-con-boxed e-con e-parent\" data-id=\"e185e08\" data-element_type=\"container\">\n\t\t\t\t\t<div class=\"e-con-inner\">\n\t\t\t\t<div class=\"elementor-element elementor-element-29bbe8a elementor-widget elementor-widget-spacer\" data-id=\"29bbe8a\" data-element_type=\"widget\" data-widget_type=\"spacer.default\">\n\t\t\t\t<div class=\"elementor-widget-container\">\n\t\t\t\t\t\t\t<div class=\"elementor-spacer\">\n\t\t\t<div class=\"elementor-spacer-inner\"><\/div>\n\t\t<\/div>\n\t\t\t\t\t\t<\/div>\n\t\t\t\t<\/div>\n\t\t\t\t\t<\/div>\n\t\t\t\t<\/div>\n\t\t<div class=\"elementor-element elementor-element-9d1f83a e-flex e-con-boxed e-con e-parent\" data-id=\"9d1f83a\" data-element_type=\"container\">\n\t\t\t\t\t<div class=\"e-con-inner\">\n\t\t<div class=\"elementor-element elementor-element-fdeaea8 e-con-full e-flex e-con e-child\" data-id=\"fdeaea8\" data-element_type=\"container\">\n\t\t\t\t<div class=\"elementor-element elementor-element-5620cd4 elementor-widget elementor-widget-image\" data-id=\"5620cd4\" data-element_type=\"widget\" data-widget_type=\"image.default\">\n\t\t\t\t<div class=\"elementor-widget-container\">\n\t\t\t\t\t\t\t\t\t\t\t\t\t\t\t<img fetchpriority=\"high\" decoding=\"async\" width=\"1024\" height=\"683\" src=\"https:\/\/www.scee.mx\/wp-content\/uploads\/2023\/12\/Instalaciones-electricas-industriales-1024x683.jpeg\" class=\"attachment-large size-large wp-image-85\" alt=\"\" srcset=\"https:\/\/www.scee.mx\/wp-content\/uploads\/2023\/12\/Instalaciones-electricas-industriales-1024x683.jpeg 1024w, https:\/\/www.scee.mx\/wp-content\/uploads\/2023\/12\/Instalaciones-electricas-industriales-600x400.jpeg 600w, https:\/\/www.scee.mx\/wp-content\/uploads\/2023\/12\/Instalaciones-electricas-industriales-300x200.jpeg 300w, https:\/\/www.scee.mx\/wp-content\/uploads\/2023\/12\/Instalaciones-electricas-industriales-768x512.jpeg 768w, https:\/\/www.scee.mx\/wp-content\/uploads\/2023\/12\/Instalaciones-electricas-industriales.jpeg 1417w\" sizes=\"(max-width: 1024px) 100vw, 1024px\" \/>\t\t\t\t\t\t\t\t\t\t\t\t\t\t\t<\/div>\n\t\t\t\t<\/div>\n\t\t\t\t<\/div>\n\t\t<div class=\"elementor-element elementor-element-22e98f1 e-con-full e-flex e-con e-child\" data-id=\"22e98f1\" data-element_type=\"container\">\n\t\t\t\t<div class=\"elementor-element elementor-element-f584fcb elementor-widget elementor-widget-text-editor\" data-id=\"f584fcb\" data-element_type=\"widget\" data-widget_type=\"text-editor.default\">\n\t\t\t\t<div class=\"elementor-widget-container\">\n\t\t\t\t\t\t\t\t\t<p><span style=\"font-weight: 400; color: #000000;\">Para realizar una nueva instalaci\u00f3n el\u00e9ctrica industrial o cualquier modificaci\u00f3n o ampliaci\u00f3n en una ya existente, debe comunicarse el procedimiento a las Entidades Colaboradoras de la Administraci\u00f3n reconocidas es decir; personal de seguridad, mantenimiento o cualquier otra persona o entidad a la que la normativa le otorgue dicho car\u00e1cter.<\/span><\/p><p><span style=\"font-weight: 400; color: #000000;\">Debe disponerse de un documento o estudio inicial que recoja todo el dise\u00f1o y recursos destinados a la creaci\u00f3n o modificaci\u00f3n de dicha instalaci\u00f3n el\u00e9ctrica, para poder ponerlo a disposici\u00f3n de las autoridades competentes. La empresa que realice el proyecto, adem\u00e1s, debe estar autorizada y certificada como empresa instaladora de acometidas el\u00e9ctricas, tanto de alta, media como baja tensi\u00f3n.<\/span><\/p><p><span style=\"font-weight: 400; color: #000000;\">Las instalaciones de motores y maquinaria deben de realizarse conforme a la normativa vigente en materia de seguridad. Estos sistemas deber\u00e1n guardar una distancia imprescindible para evitar cualquier peligro que pudiera surgir de instalar varios elementos a una distancia demasiado reducida.<\/span><\/p><p><span style=\"font-weight: 400; color: #000000;\">Los motores el\u00e9ctricos son necesarios para transformar la energ\u00eda el\u00e9ctrica en energ\u00eda mec\u00e1nica. Estos elementos de uso com\u00fan en una instalaci\u00f3n el\u00e9ctrica industrial necesitan una protecci\u00f3n especial para evitar posibles riesgos por variaciones de la tensi\u00f3n el\u00e9ctrica.<\/span><\/p><p><span style=\"font-weight: 400; color: #000000;\">Los peligros que implica una sobrecarga o cortocircuito son muy graves, ya no solo por las aver\u00edas y fallos que puedan producir en los equipos, si no que tambi\u00e9n pueden provocar accidentes que afecten a las instalaciones o a su equipo humano. Para evitar las desviaciones en la tensi\u00f3n que pudieran provocar riesgos, se procede a instalar una toma de tierra, que deriva todas las variaciones que pudieran provocar aver\u00edas en la maquinaria o accidentes en las instalaciones.<\/span><\/p><p><span style=\"font-weight: 400; color: #000000;\">Las bajadas en la tensi\u00f3n el\u00e9ctrica tambi\u00e9n pueden producir fallos en los sistemas, al verse privados de la alimentaci\u00f3n el\u00e9ctrica. Para ello, los motores el\u00e9ctricos se protegen mediante la instalaci\u00f3n de un dispositivo de corte autom\u00e1tico de corriente. Este dispositivo protector puede utilizarse para un motor o para varios, cumpliendo ciertos requisitos.<\/span><\/p>\t\t\t\t\t\t\t\t<\/div>\n\t\t\t\t<\/div>\n\t\t\t\t<\/div>\n\t\t\t\t\t<\/div>\n\t\t\t\t<\/div>\n\t\t<div class=\"elementor-element elementor-element-34ee7a0 e-flex e-con-boxed e-con e-parent\" data-id=\"34ee7a0\" data-element_type=\"container\" data-settings=\"{&quot;background_background&quot;:&quot;classic&quot;}\">\n\t\t\t\t\t<div class=\"e-con-inner\">\n\t\t\t\t<div class=\"elementor-element elementor-element-b638365 elementor-widget elementor-widget-spacer\" data-id=\"b638365\" data-element_type=\"widget\" data-widget_type=\"spacer.default\">\n\t\t\t\t<div class=\"elementor-widget-container\">\n\t\t\t\t\t\t\t<div class=\"elementor-spacer\">\n\t\t\t<div class=\"elementor-spacer-inner\"><\/div>\n\t\t<\/div>\n\t\t\t\t\t\t<\/div>\n\t\t\t\t<\/div>\n\t\t\t\t\t<\/div>\n\t\t\t\t<\/div>\n\t\t<div class=\"elementor-element elementor-element-ede54fe e-flex e-con-boxed e-con e-parent\" data-id=\"ede54fe\" data-element_type=\"container\">\n\t\t\t\t\t<div class=\"e-con-inner\">\n\t\t<div class=\"elementor-element elementor-element-aa3dc33 e-con-full e-flex e-con e-child\" data-id=\"aa3dc33\" data-element_type=\"container\">\n\t\t\t\t<div class=\"elementor-element elementor-element-afeaba0 elementor-hidden-desktop elementor-hidden-tablet elementor-widget elementor-widget-image\" data-id=\"afeaba0\" data-element_type=\"widget\" data-widget_type=\"image.default\">\n\t\t\t\t<div class=\"elementor-widget-container\">\n\t\t\t\t\t\t\t\t\t\t\t\t\t\t\t<img decoding=\"async\" width=\"1024\" height=\"768\" src=\"https:\/\/www.scee.mx\/wp-content\/uploads\/2023\/12\/Panel-de-interruptores-electricos-industriales-sudamerica-45-1024x768-1.png\" class=\"attachment-large size-large wp-image-177\" alt=\"\" srcset=\"https:\/\/www.scee.mx\/wp-content\/uploads\/2023\/12\/Panel-de-interruptores-electricos-industriales-sudamerica-45-1024x768-1.png 1024w, https:\/\/www.scee.mx\/wp-content\/uploads\/2023\/12\/Panel-de-interruptores-electricos-industriales-sudamerica-45-1024x768-1-600x450.png 600w, https:\/\/www.scee.mx\/wp-content\/uploads\/2023\/12\/Panel-de-interruptores-electricos-industriales-sudamerica-45-1024x768-1-300x225.png 300w, https:\/\/www.scee.mx\/wp-content\/uploads\/2023\/12\/Panel-de-interruptores-electricos-industriales-sudamerica-45-1024x768-1-768x576.png 768w\" sizes=\"(max-width: 1024px) 100vw, 1024px\" \/>\t\t\t\t\t\t\t\t\t\t\t\t\t\t\t<\/div>\n\t\t\t\t<\/div>\n\t\t\t\t<div class=\"elementor-element elementor-element-1bff2d7 elementor-widget elementor-widget-text-editor\" data-id=\"1bff2d7\" data-element_type=\"widget\" data-widget_type=\"text-editor.default\">\n\t\t\t\t<div class=\"elementor-widget-container\">\n\t\t\t\t\t\t\t\t\t<h4><span style=\"color: #000000;\"><b>Funcionamiento<\/b><\/span><\/h4><p><span style=\"font-weight: 400; color: #000000;\">Tipos de instalaciones el\u00e9ctricas<\/span><\/p><p><span style=\"font-weight: 400; color: #000000;\">Las instalaciones el\u00e9ctricas se pueden separar en dos tipos, seg\u00fan su tensi\u00f3n y seg\u00fan el uso al que van destinadas.<\/span><\/p><h4><span style=\"color: #000000;\"><strong>Seg\u00fan su tensi\u00f3n<\/strong><\/span><\/h4><h5><span style=\"color: #000000;\"><strong>Instalaciones el\u00e9ctricas de alta tensi\u00f3n<\/strong><\/span><\/h5><p><span style=\"font-weight: 400; color: #000000;\">Las instalaciones el\u00e9ctricas de alta tensi\u00f3n son aquellas que generan, transportan, transforman y distribuyen energ\u00eda el\u00e9ctrica con tensiones superiores a 1000 voltios en corriente alterna y 1500 en corriente continua. Suelen utilizarse para transportar energ\u00eda el\u00e9ctrica entre grandes distancias.<\/span><\/p><p><span style=\"font-weight: 400; color: #000000;\">En este apartado tambi\u00e9n se regulan las instalaciones de media tensi\u00f3n.<\/span><\/p><h5><span style=\"color: #000000;\"><strong>Instalaciones el\u00e9ctricas de baja tensi\u00f3n<\/strong><\/span><\/h5><p><span style=\"font-weight: 400; color: #000000;\">Las instalaciones el\u00e9ctricas de baja tensi\u00f3n tienen una potencia inferior a 1000 voltios (1 kV) y superior a 24 voltios. Son las instalaciones el\u00e9ctricas m\u00e1s comunes para uso dom\u00e9stico y en comercios, instituciones, etc.<\/span><\/p><p><span style=\"font-weight: 400; color: #000000;\">En un rango inferior se encuentran las instalaciones el\u00e9ctricas de muy baja tensi\u00f3n, con una potencia m\u00e1xima de 24 voltios. Son instalaciones poco empleadas y a las que no pueden conectarse equipos con una potencia muy elevada ya que podr\u00edan sobrecargar el circuito.<\/span><\/p><h4><span style=\"color: #000000;\"><strong>Seg\u00fan su uso<\/strong><\/span><\/h4><h5><span style=\"color: #000000;\"><strong>Instalaciones generadoras:<\/strong><\/span><\/h5><p><span style=\"font-weight: 400; color: #000000;\">Este tipo de instalaciones el\u00e9ctricas generan una fuerza electromotriz, es decir, crean energ\u00eda el\u00e9ctrica a partir de otros tipos de energ\u00eda (energ\u00eda solar, energ\u00eda hidr\u00e1ulica, etc.)<\/span><\/p><h5><span style=\"color: #000000;\"><strong>Instalaciones transformadoras:<\/strong><\/span><\/h5><p><span style=\"font-weight: 400; color: #000000;\">Estas instalaciones reciben la energ\u00eda el\u00e9ctrica y transforman su tensi\u00f3n, reduci\u00e9ndose o ampli\u00e1ndose, dependiendo de si se le va a dar uso o se va a volver a transportar a otra instalaci\u00f3n.<\/span><\/p><h5><span style=\"color: #000000;\"><strong>Instalaciones receptoras:<\/strong><\/span><\/h5><p><span style=\"font-weight: 400; color: #000000;\">Este tipo de instalaciones pueden encontrarse en la mayor\u00eda de instalaciones el\u00e9ctricas industriales y en instalaciones dom\u00e9sticas. Transforman la energ\u00eda el\u00e9ctrica en otros tipos de energ\u00eda.<\/span><\/p><h4><span style=\"color: #000000;\"><strong>Servicios integrados<\/strong><\/span><\/h4><ul><li style=\"font-weight: 400;\" aria-level=\"1\"><span style=\"font-weight: 400; color: #000000;\">Cotizaciones.<\/span><\/li><li style=\"font-weight: 400;\" aria-level=\"1\"><span style=\"font-weight: 400; color: #000000;\">Suministro de materiales.<\/span><\/li><li style=\"font-weight: 400;\" aria-level=\"1\"><span style=\"font-weight: 400; color: #000000;\">Instalaciones el\u00e9ctricas.<\/span><\/li><li style=\"font-weight: 400;\" aria-level=\"1\"><span style=\"font-weight: 400; color: #000000;\">Limpieza.<\/span><\/li><li style=\"font-weight: 400;\" aria-level=\"1\"><span style=\"font-weight: 400; color: #000000;\">Trabajo de calidad.<\/span><\/li><\/ul>\t\t\t\t\t\t\t\t<\/div>\n\t\t\t\t<\/div>\n\t\t\t\t<\/div>\n\t\t<div class=\"elementor-element elementor-element-d98111e e-con-full e-flex e-con e-child\" data-id=\"d98111e\" data-element_type=\"container\">\n\t\t\t\t<div class=\"elementor-element elementor-element-62069cf elementor-hidden-mobile elementor-widget elementor-widget-image\" data-id=\"62069cf\" data-element_type=\"widget\" data-widget_type=\"image.default\">\n\t\t\t\t<div class=\"elementor-widget-container\">\n\t\t\t\t\t\t\t\t\t\t\t\t\t\t\t<img decoding=\"async\" width=\"1024\" height=\"768\" src=\"https:\/\/www.scee.mx\/wp-content\/uploads\/2023\/12\/Panel-de-interruptores-electricos-industriales-sudamerica-45-1024x768-1.png\" class=\"attachment-large size-large wp-image-177\" alt=\"\" srcset=\"https:\/\/www.scee.mx\/wp-content\/uploads\/2023\/12\/Panel-de-interruptores-electricos-industriales-sudamerica-45-1024x768-1.png 1024w, https:\/\/www.scee.mx\/wp-content\/uploads\/2023\/12\/Panel-de-interruptores-electricos-industriales-sudamerica-45-1024x768-1-600x450.png 600w, https:\/\/www.scee.mx\/wp-content\/uploads\/2023\/12\/Panel-de-interruptores-electricos-industriales-sudamerica-45-1024x768-1-300x225.png 300w, https:\/\/www.scee.mx\/wp-content\/uploads\/2023\/12\/Panel-de-interruptores-electricos-industriales-sudamerica-45-1024x768-1-768x576.png 768w\" sizes=\"(max-width: 1024px) 100vw, 1024px\" \/>\t\t\t\t\t\t\t\t\t\t\t\t\t\t\t<\/div>\n\t\t\t\t<\/div>\n\t\t\t\t<\/div>\n\t\t\t\t\t<\/div>\n\t\t\t\t<\/div>\n\t\t<div class=\"elementor-element elementor-element-1cb98fd e-flex e-con-boxed e-con e-parent\" data-id=\"1cb98fd\" data-element_type=\"container\">\n\t\t\t\t\t<div class=\"e-con-inner\">\n\t\t<div class=\"elementor-element elementor-element-bc5f980 e-con-full e-flex e-con e-child\" data-id=\"bc5f980\" data-element_type=\"container\">\n\t\t\t\t<\/div>\n\t\t<div class=\"elementor-element elementor-element-99d2e67 e-con-full e-flex e-con e-child\" data-id=\"99d2e67\" data-element_type=\"container\">\n\t\t\t\t<div class=\"elementor-element elementor-element-cba487d elementor-align-justify elementor-widget elementor-widget-button\" data-id=\"cba487d\" data-element_type=\"widget\" data-widget_type=\"button.default\">\n\t\t\t\t<div class=\"elementor-widget-container\">\n\t\t\t\t\t\t\t\t\t<div class=\"elementor-button-wrapper\">\n\t\t\t\t\t<a class=\"elementor-button elementor-button-link elementor-size-sm\" href=\"http:\/\/wa.me\/2223931742\">\n\t\t\t\t\t\t<span class=\"elementor-button-content-wrapper\">\n\t\t\t\t\t\t\t\t\t<span class=\"elementor-button-text\">Agenda tu acesor\u00eda<\/span>\n\t\t\t\t\t<\/span>\n\t\t\t\t\t<\/a>\n\t\t\t\t<\/div>\n\t\t\t\t\t\t\t\t<\/div>\n\t\t\t\t<\/div>\n\t\t\t\t<\/div>\n\t\t<div class=\"elementor-element elementor-element-df177b1 e-con-full e-flex e-con e-child\" data-id=\"df177b1\" data-element_type=\"container\">\n\t\t\t\t<\/div>\n\t\t\t\t\t<\/div>\n\t\t\t\t<\/div>\n\t\t\t\t<\/div>\n\t\t","protected":false},"excerpt":{"rendered":"<p>PROYECTOS ELECTRICOS INDUSTRIALES Para realizar una nueva instalaci\u00f3n el\u00e9ctrica industrial o cualquier modificaci\u00f3n o ampliaci\u00f3n en una ya existente, debe comunicarse el procedimiento a las Entidades Colaboradoras de la Administraci\u00f3n reconocidas es decir; personal de seguridad, mantenimiento o cualquier otra persona o entidad a la que la normativa le otorgue dicho car\u00e1cter. Debe disponerse de [&hellip;]<\/p>\n","protected":false},"author":1,"featured_media":0,"parent":0,"menu_order":0,"comment_status":"closed","ping_status":"closed","template":"","meta":{"om_disable_all_campaigns":false,"_monsterinsights_skip_tracking":false,"_monsterinsights_sitenote_active":false,"_monsterinsights_sitenote_note":"","_monsterinsights_sitenote_category":0,"site-sidebar-layout":"no-sidebar","site-content-layout":"","ast-site-content-layout":"full-width-container","site-content-style":"default","site-sidebar-style":"default","ast-global-header-display":"","ast-banner-title-visibility":"","ast-main-header-display":"","ast-hfb-above-header-display":"","ast-hfb-below-header-display":"","ast-hfb-mobile-header-display":"","site-post-title":"disabled","ast-breadcrumbs-content":"","ast-featured-img":"disabled","footer-sml-layout":"","ast-disable-related-posts":"","theme-transparent-header-meta":"","adv-header-id-meta":"","stick-header-meta":"","header-above-stick-meta":"","header-main-stick-meta":"","header-below-stick-meta":"","astra-migrate-meta-layouts":"default","ast-page-background-enabled":"default","ast-page-background-meta":{"desktop":{"background-color":"var(--ast-global-color-4)","background-image":"","background-repeat":"repeat","background-position":"center center","background-size":"auto","background-attachment":"scroll","background-type":"","background-media":"","overlay-type":"","overlay-color":"","overlay-opacity":"","overlay-gradient":""},"tablet":{"background-color":"","background-image":"","background-repeat":"repeat","background-position":"center center","background-size":"auto","background-attachment":"scroll","background-type":"","background-media":"","overlay-type":"","overlay-color":"","overlay-opacity":"","overlay-gradient":""},"mobile":{"background-color":"","background-image":"","background-repeat":"repeat","background-position":"center center","background-size":"auto","background-attachment":"scroll","background-type":"","background-media":"","overlay-type":"","overlay-color":"","overlay-opacity":"","overlay-gradient":""}},"ast-content-background-meta":{"desktop":{"background-color":"var(--ast-global-color-5)","background-image":"","background-repeat":"repeat","background-position":"center center","background-size":"auto","background-attachment":"scroll","background-type":"","background-media":"","overlay-type":"","overlay-color":"","overlay-opacity":"","overlay-gradient":""},"tablet":{"background-color":"var(--ast-global-color-5)","background-image":"","background-repeat":"repeat","background-position":"center center","background-size":"auto","background-attachment":"scroll","background-type":"","background-media":"","overlay-type":"","overlay-color":"","overlay-opacity":"","overlay-gradient":""},"mobile":{"background-color":"var(--ast-global-color-5)","background-image":"","background-repeat":"repeat","background-position":"center center","background-size":"auto","background-attachment":"scroll","background-type":"","background-media":"","overlay-type":"","overlay-color":"","overlay-opacity":"","overlay-gradient":""}},"footnotes":""},"class_list":["post-34","page","type-page","status-publish","hentry"],"aioseo_notices":[],"jetpack_sharing_enabled":true,"_links":{"self":[{"href":"https:\/\/www.scee.mx\/index.php\/wp-json\/wp\/v2\/pages\/34","targetHints":{"allow":["GET"]}}],"collection":[{"href":"https:\/\/www.scee.mx\/index.php\/wp-json\/wp\/v2\/pages"}],"about":[{"href":"https:\/\/www.scee.mx\/index.php\/wp-json\/wp\/v2\/types\/page"}],"author":[{"embeddable":true,"href":"https:\/\/www.scee.mx\/index.php\/wp-json\/wp\/v2\/users\/1"}],"replies":[{"embeddable":true,"href":"https:\/\/www.scee.mx\/index.php\/wp-json\/wp\/v2\/comments?post=34"}],"version-history":[{"count":25,"href":"https:\/\/www.scee.mx\/index.php\/wp-json\/wp\/v2\/pages\/34\/revisions"}],"predecessor-version":[{"id":709,"href":"https:\/\/www.scee.mx\/index.php\/wp-json\/wp\/v2\/pages\/34\/revisions\/709"}],"wp:attachment":[{"href":"https:\/\/www.scee.mx\/index.php\/wp-json\/wp\/v2\/media?parent=34"}],"curies":[{"name":"wp","href":"https:\/\/api.w.org\/{rel}","templated":true}]}}