{"id":36,"date":"2023-12-05T21:38:55","date_gmt":"2023-12-05T20:38:55","guid":{"rendered":"https:\/\/www.scee.mx\/?page_id=36"},"modified":"2024-06-21T14:12:09","modified_gmt":"2024-06-21T20:12:09","slug":"desarrollo-de-ingenieria-electrica","status":"publish","type":"page","link":"https:\/\/www.scee.mx\/index.php\/desarrollo-de-ingenieria-electrica\/","title":{"rendered":"Desarrollo de ingenier\u00eda electrica"},"content":{"rendered":"\t\t<div data-elementor-type=\"wp-page\" data-elementor-id=\"36\" class=\"elementor elementor-36\" data-elementor-post-type=\"page\">\n\t\t\t\t<div class=\"elementor-element elementor-element-357c8c61 e-flex e-con-boxed e-con e-parent\" data-id=\"357c8c61\" data-element_type=\"container\" data-settings=\"{&quot;background_background&quot;:&quot;classic&quot;}\">\n\t\t\t\t\t<div class=\"e-con-inner\">\n\t\t\t\t<div class=\"elementor-element elementor-element-22eaa464 elementor-widget elementor-widget-spacer\" data-id=\"22eaa464\" data-element_type=\"widget\" data-widget_type=\"spacer.default\">\n\t\t\t\t<div class=\"elementor-widget-container\">\n\t\t\t\t\t\t\t<div class=\"elementor-spacer\">\n\t\t\t<div class=\"elementor-spacer-inner\"><\/div>\n\t\t<\/div>\n\t\t\t\t\t\t<\/div>\n\t\t\t\t<\/div>\n\t\t\t\t<div class=\"elementor-element elementor-element-33085561 elementor-widget elementor-widget-heading\" data-id=\"33085561\" data-element_type=\"widget\" data-widget_type=\"heading.default\">\n\t\t\t\t<div class=\"elementor-widget-container\">\n\t\t\t\t\t<h2 class=\"elementor-heading-title elementor-size-default\">INGENIER\u00cdA EL\u00c9CTRICA<\/h2>\t\t\t\t<\/div>\n\t\t\t\t<\/div>\n\t\t\t\t<div class=\"elementor-element elementor-element-7f7419fe elementor-widget elementor-widget-spacer\" data-id=\"7f7419fe\" data-element_type=\"widget\" data-widget_type=\"spacer.default\">\n\t\t\t\t<div class=\"elementor-widget-container\">\n\t\t\t\t\t\t\t<div class=\"elementor-spacer\">\n\t\t\t<div class=\"elementor-spacer-inner\"><\/div>\n\t\t<\/div>\n\t\t\t\t\t\t<\/div>\n\t\t\t\t<\/div>\n\t\t\t\t\t<\/div>\n\t\t\t\t<\/div>\n\t\t<div class=\"elementor-element elementor-element-5fb2e252 e-flex e-con-boxed e-con e-parent\" data-id=\"5fb2e252\" data-element_type=\"container\">\n\t\t\t\t\t<div class=\"e-con-inner\">\n\t\t\t\t<div class=\"elementor-element elementor-element-e0833d4 elementor-widget elementor-widget-spacer\" data-id=\"e0833d4\" data-element_type=\"widget\" data-widget_type=\"spacer.default\">\n\t\t\t\t<div class=\"elementor-widget-container\">\n\t\t\t\t\t\t\t<div class=\"elementor-spacer\">\n\t\t\t<div class=\"elementor-spacer-inner\"><\/div>\n\t\t<\/div>\n\t\t\t\t\t\t<\/div>\n\t\t\t\t<\/div>\n\t\t\t\t\t<\/div>\n\t\t\t\t<\/div>\n\t\t<div class=\"elementor-element elementor-element-495dc035 e-flex e-con-boxed e-con e-parent\" data-id=\"495dc035\" data-element_type=\"container\">\n\t\t\t\t\t<div class=\"e-con-inner\">\n\t\t<div class=\"elementor-element elementor-element-16afcb10 e-con-full e-flex e-con e-child\" data-id=\"16afcb10\" data-element_type=\"container\">\n\t\t\t\t<div class=\"elementor-element elementor-element-501ec41d elementor-widget elementor-widget-image\" data-id=\"501ec41d\" data-element_type=\"widget\" data-widget_type=\"image.default\">\n\t\t\t\t<div class=\"elementor-widget-container\">\n\t\t\t\t\t\t\t\t\t\t\t\t\t\t\t<img fetchpriority=\"high\" decoding=\"async\" width=\"748\" height=\"1024\" src=\"https:\/\/www.scee.mx\/wp-content\/uploads\/2024\/02\/plano-748x1024.webp\" class=\"attachment-large size-large wp-image-619\" alt=\"\" srcset=\"https:\/\/www.scee.mx\/wp-content\/uploads\/2024\/02\/plano-748x1024.webp 748w, https:\/\/www.scee.mx\/wp-content\/uploads\/2024\/02\/plano-219x300.webp 219w, https:\/\/www.scee.mx\/wp-content\/uploads\/2024\/02\/plano-768x1051.webp 768w, https:\/\/www.scee.mx\/wp-content\/uploads\/2024\/02\/plano-600x821.webp 600w, https:\/\/www.scee.mx\/wp-content\/uploads\/2024\/02\/plano.webp 862w\" sizes=\"(max-width: 748px) 100vw, 748px\" \/>\t\t\t\t\t\t\t\t\t\t\t\t\t\t\t<\/div>\n\t\t\t\t<\/div>\n\t\t\t\t<\/div>\n\t\t<div class=\"elementor-element elementor-element-33305056 e-con-full e-flex e-con e-child\" data-id=\"33305056\" data-element_type=\"container\">\n\t\t\t\t<div class=\"elementor-element elementor-element-1949f310 elementor-widget elementor-widget-text-editor\" data-id=\"1949f310\" data-element_type=\"widget\" data-widget_type=\"text-editor.default\">\n\t\t\t\t<div class=\"elementor-widget-container\">\n\t\t\t\t\t\t\t\t\t<p><span style=\"font-weight: 400; color: #000000;\">La ingenier\u00eda el\u00e9ctrica es todo el c\u00e1lculo que se tiene que hacer, antes de realizar un proyecto es decir: se calculan voltajes, calibres,\u00a0 conversiones, transmisiones, la distribuci\u00f3n y la utilizaci\u00f3n de la denominada energ\u00eda el\u00e9ctrica. Siendo esto en las proporciones que han de ser necesarias para realizar la alimentaci\u00f3n y la activaci\u00f3n de diferentes equipos para este fin al igual que de sus sistemas.<\/span><\/p><p><span style=\"font-weight: 400; color: #000000;\">Igualmente se encarga de lo relacionado al dise\u00f1o, mantenimiento y an\u00e1lisis, de lo que son las instalaciones el\u00e9ctricas que se denominan industriales y al igual que m\u00e1quinas el\u00e9ctricas tales como pueden ser los motores, los generadores y transformadores, entre algunos otros.<\/span><\/p><h4><span style=\"color: #000000;\"><b>Funcionamiento<\/b><\/span><\/h4><p><span style=\"font-weight: 400; color: #000000;\">En otras palabras la Ingenier\u00eda El\u00e9ctrica. Es una especialidad que se encarga del estudio y aplicaci\u00f3n de los conocimientos que se obtienen de la electricidad al igual que del electromagnetismo. Todo esto con la finalidad de hacer los dise\u00f1os de mecanismos los cuales permitir\u00e1n que se genere y se distribuya la energ\u00eda el\u00e9ctrica correctamente.<\/span><\/p><h4><span style=\"color: #000000;\"><b>Servicios integrados<\/b><\/span><\/h4><ul><li style=\"font-weight: 400;\" aria-level=\"1\"><span style=\"font-weight: 400; color: #000000;\">Cotizaciones<\/span><\/li><li style=\"font-weight: 400;\" aria-level=\"1\"><span style=\"font-weight: 400; color: #000000;\">Suministro de material<\/span><\/li><li style=\"font-weight: 400;\" aria-level=\"1\"><span style=\"font-weight: 400; color: #000000;\">Instalaci\u00f3n<\/span><\/li><li style=\"font-weight: 400;\" aria-level=\"1\"><span style=\"font-weight: 400; color: #000000;\">Capacitaci\u00f3n<\/span><\/li><li style=\"font-weight: 400;\" aria-level=\"1\"><span style=\"font-weight: 400; color: #000000;\">Personal capacitado<\/span><\/li><li style=\"font-weight: 400;\" aria-level=\"1\"><span style=\"font-weight: 400; color: #000000;\">Circuitos grande de alto voltaje<\/span><\/li><li style=\"font-weight: 400;\" aria-level=\"1\"><span style=\"font-weight: 400; color: #000000;\">Sistemas de control<\/span><\/li><li style=\"font-weight: 400;\" aria-level=\"1\"><span style=\"font-weight: 400; color: #000000;\">Motores<\/span><\/li><li style=\"font-weight: 400;\" aria-level=\"1\"><span style=\"font-weight: 400; color: #000000;\">Instalaciones residenciales<\/span><\/li><li style=\"font-weight: 400;\" aria-level=\"1\"><span style=\"font-weight: 400; color: #000000;\">Iluminaci\u00f3n<\/span><\/li><\/ul>\t\t\t\t\t\t\t\t<\/div>\n\t\t\t\t<\/div>\n\t\t\t\t<\/div>\n\t\t\t\t\t<\/div>\n\t\t\t\t<\/div>\n\t\t<div class=\"elementor-element elementor-element-4b98adf1 e-flex e-con-boxed e-con e-parent\" data-id=\"4b98adf1\" data-element_type=\"container\" data-settings=\"{&quot;background_background&quot;:&quot;classic&quot;}\">\n\t\t\t\t\t<div class=\"e-con-inner\">\n\t\t\t\t<div class=\"elementor-element elementor-element-7c5667a2 elementor-widget elementor-widget-spacer\" data-id=\"7c5667a2\" data-element_type=\"widget\" data-widget_type=\"spacer.default\">\n\t\t\t\t<div class=\"elementor-widget-container\">\n\t\t\t\t\t\t\t<div class=\"elementor-spacer\">\n\t\t\t<div class=\"elementor-spacer-inner\"><\/div>\n\t\t<\/div>\n\t\t\t\t\t\t<\/div>\n\t\t\t\t<\/div>\n\t\t\t\t\t<\/div>\n\t\t\t\t<\/div>\n\t\t<div class=\"elementor-element elementor-element-757c80d0 e-flex e-con-boxed e-con e-parent\" data-id=\"757c80d0\" data-element_type=\"container\">\n\t\t\t\t\t<div class=\"e-con-inner\">\n\t\t<div class=\"elementor-element elementor-element-33ff0420 e-con-full e-flex e-con e-child\" data-id=\"33ff0420\" data-element_type=\"container\">\n\t\t\t\t<\/div>\n\t\t<div class=\"elementor-element elementor-element-1325d270 e-con-full e-flex e-con e-child\" data-id=\"1325d270\" data-element_type=\"container\">\n\t\t\t\t<div class=\"elementor-element elementor-element-60af86a0 elementor-align-justify elementor-widget elementor-widget-button\" data-id=\"60af86a0\" data-element_type=\"widget\" data-widget_type=\"button.default\">\n\t\t\t\t<div class=\"elementor-widget-container\">\n\t\t\t\t\t\t\t\t\t<div class=\"elementor-button-wrapper\">\n\t\t\t\t\t<a class=\"elementor-button elementor-button-link elementor-size-sm\" href=\"http:\/\/wa.me\/2227512608\">\n\t\t\t\t\t\t<span class=\"elementor-button-content-wrapper\">\n\t\t\t\t\t\t\t\t\t<span class=\"elementor-button-text\">Agenda tu acesor\u00eda<\/span>\n\t\t\t\t\t<\/span>\n\t\t\t\t\t<\/a>\n\t\t\t\t<\/div>\n\t\t\t\t\t\t\t\t<\/div>\n\t\t\t\t<\/div>\n\t\t\t\t<\/div>\n\t\t<div class=\"elementor-element elementor-element-4f927d30 e-con-full e-flex e-con e-child\" data-id=\"4f927d30\" data-element_type=\"container\">\n\t\t\t\t<\/div>\n\t\t\t\t\t<\/div>\n\t\t\t\t<\/div>\n\t\t\t\t<\/div>\n\t\t","protected":false},"excerpt":{"rendered":"<p>INGENIER\u00cdA EL\u00c9CTRICA La ingenier\u00eda el\u00e9ctrica es todo el c\u00e1lculo que se tiene que hacer, antes de realizar un proyecto es decir: se calculan voltajes, calibres,\u00a0 conversiones, transmisiones, la distribuci\u00f3n y la utilizaci\u00f3n de la denominada energ\u00eda el\u00e9ctrica. Siendo esto en las proporciones que han de ser necesarias para realizar la alimentaci\u00f3n y la activaci\u00f3n de [&hellip;]<\/p>\n","protected":false},"author":1,"featured_media":0,"parent":0,"menu_order":0,"comment_status":"closed","ping_status":"closed","template":"","meta":{"om_disable_all_campaigns":false,"_monsterinsights_skip_tracking":false,"_monsterinsights_sitenote_active":false,"_monsterinsights_sitenote_note":"","_monsterinsights_sitenote_category":0,"site-sidebar-layout":"no-sidebar","site-content-layout":"","ast-site-content-layout":"full-width-container","site-content-style":"default","site-sidebar-style":"default","ast-global-header-display":"","ast-banner-title-visibility":"","ast-main-header-display":"","ast-hfb-above-header-display":"","ast-hfb-below-header-display":"","ast-hfb-mobile-header-display":"","site-post-title":"disabled","ast-breadcrumbs-content":"","ast-featured-img":"disabled","footer-sml-layout":"","ast-disable-related-posts":"","theme-transparent-header-meta":"","adv-header-id-meta":"","stick-header-meta":"","header-above-stick-meta":"","header-main-stick-meta":"","header-below-stick-meta":"","astra-migrate-meta-layouts":"default","ast-page-background-enabled":"default","ast-page-background-meta":{"desktop":{"background-color":"var(--ast-global-color-4)","background-image":"","background-repeat":"repeat","background-position":"center center","background-size":"auto","background-attachment":"scroll","background-type":"","background-media":"","overlay-type":"","overlay-color":"","overlay-opacity":"","overlay-gradient":""},"tablet":{"background-color":"","background-image":"","background-repeat":"repeat","background-position":"center center","background-size":"auto","background-attachment":"scroll","background-type":"","background-media":"","overlay-type":"","overlay-color":"","overlay-opacity":"","overlay-gradient":""},"mobile":{"background-color":"","background-image":"","background-repeat":"repeat","background-position":"center center","background-size":"auto","background-attachment":"scroll","background-type":"","background-media":"","overlay-type":"","overlay-color":"","overlay-opacity":"","overlay-gradient":""}},"ast-content-background-meta":{"desktop":{"background-color":"var(--ast-global-color-5)","background-image":"","background-repeat":"repeat","background-position":"center center","background-size":"auto","background-attachment":"scroll","background-type":"","background-media":"","overlay-type":"","overlay-color":"","overlay-opacity":"","overlay-gradient":""},"tablet":{"background-color":"var(--ast-global-color-5)","background-image":"","background-repeat":"repeat","background-position":"center center","background-size":"auto","background-attachment":"scroll","background-type":"","background-media":"","overlay-type":"","overlay-color":"","overlay-opacity":"","overlay-gradient":""},"mobile":{"background-color":"var(--ast-global-color-5)","background-image":"","background-repeat":"repeat","background-position":"center center","background-size":"auto","background-attachment":"scroll","background-type":"","background-media":"","overlay-type":"","overlay-color":"","overlay-opacity":"","overlay-gradient":""}},"footnotes":""},"class_list":["post-36","page","type-page","status-publish","hentry"],"aioseo_notices":[],"jetpack_sharing_enabled":true,"_links":{"self":[{"href":"https:\/\/www.scee.mx\/index.php\/wp-json\/wp\/v2\/pages\/36","targetHints":{"allow":["GET"]}}],"collection":[{"href":"https:\/\/www.scee.mx\/index.php\/wp-json\/wp\/v2\/pages"}],"about":[{"href":"https:\/\/www.scee.mx\/index.php\/wp-json\/wp\/v2\/types\/page"}],"author":[{"embeddable":true,"href":"https:\/\/www.scee.mx\/index.php\/wp-json\/wp\/v2\/users\/1"}],"replies":[{"embeddable":true,"href":"https:\/\/www.scee.mx\/index.php\/wp-json\/wp\/v2\/comments?post=36"}],"version-history":[{"count":7,"href":"https:\/\/www.scee.mx\/index.php\/wp-json\/wp\/v2\/pages\/36\/revisions"}],"predecessor-version":[{"id":697,"href":"https:\/\/www.scee.mx\/index.php\/wp-json\/wp\/v2\/pages\/36\/revisions\/697"}],"wp:attachment":[{"href":"https:\/\/www.scee.mx\/index.php\/wp-json\/wp\/v2\/media?parent=36"}],"curies":[{"name":"wp","href":"https:\/\/api.w.org\/{rel}","templated":true}]}}