{"id":38,"date":"2023-12-05T21:39:13","date_gmt":"2023-12-05T20:39:13","guid":{"rendered":"https:\/\/www.scee.mx\/?page_id=38"},"modified":"2024-06-21T14:11:33","modified_gmt":"2024-06-21T20:11:33","slug":"cabeado-de-voz-y-datos","status":"publish","type":"page","link":"https:\/\/www.scee.mx\/index.php\/cabeado-de-voz-y-datos\/","title":{"rendered":"Cabeado de voz y datos"},"content":{"rendered":"\t\t<div data-elementor-type=\"wp-page\" data-elementor-id=\"38\" class=\"elementor elementor-38\" data-elementor-post-type=\"page\">\n\t\t\t\t<div class=\"elementor-element elementor-element-72978cb5 e-flex e-con-boxed e-con e-parent\" data-id=\"72978cb5\" data-element_type=\"container\" data-settings=\"{&quot;background_background&quot;:&quot;classic&quot;}\">\n\t\t\t\t\t<div class=\"e-con-inner\">\n\t\t\t\t<div class=\"elementor-element elementor-element-7bc6ef00 elementor-widget elementor-widget-spacer\" data-id=\"7bc6ef00\" data-element_type=\"widget\" data-widget_type=\"spacer.default\">\n\t\t\t\t<div class=\"elementor-widget-container\">\n\t\t\t\t\t\t\t<div class=\"elementor-spacer\">\n\t\t\t<div class=\"elementor-spacer-inner\"><\/div>\n\t\t<\/div>\n\t\t\t\t\t\t<\/div>\n\t\t\t\t<\/div>\n\t\t\t\t<div class=\"elementor-element elementor-element-4cd3154d elementor-widget elementor-widget-heading\" data-id=\"4cd3154d\" data-element_type=\"widget\" data-widget_type=\"heading.default\">\n\t\t\t\t<div class=\"elementor-widget-container\">\n\t\t\t\t\t<h2 class=\"elementor-heading-title elementor-size-default\">CABLEADO DE VOZ Y DATOS<\/h2>\t\t\t\t<\/div>\n\t\t\t\t<\/div>\n\t\t\t\t<div class=\"elementor-element elementor-element-4fa4207f elementor-widget elementor-widget-spacer\" data-id=\"4fa4207f\" data-element_type=\"widget\" data-widget_type=\"spacer.default\">\n\t\t\t\t<div class=\"elementor-widget-container\">\n\t\t\t\t\t\t\t<div class=\"elementor-spacer\">\n\t\t\t<div class=\"elementor-spacer-inner\"><\/div>\n\t\t<\/div>\n\t\t\t\t\t\t<\/div>\n\t\t\t\t<\/div>\n\t\t\t\t\t<\/div>\n\t\t\t\t<\/div>\n\t\t<div class=\"elementor-element elementor-element-69a3bc70 e-flex e-con-boxed e-con e-parent\" data-id=\"69a3bc70\" data-element_type=\"container\">\n\t\t\t\t\t<div class=\"e-con-inner\">\n\t\t\t\t<div class=\"elementor-element elementor-element-61f61505 elementor-widget elementor-widget-spacer\" data-id=\"61f61505\" data-element_type=\"widget\" data-widget_type=\"spacer.default\">\n\t\t\t\t<div class=\"elementor-widget-container\">\n\t\t\t\t\t\t\t<div class=\"elementor-spacer\">\n\t\t\t<div class=\"elementor-spacer-inner\"><\/div>\n\t\t<\/div>\n\t\t\t\t\t\t<\/div>\n\t\t\t\t<\/div>\n\t\t\t\t\t<\/div>\n\t\t\t\t<\/div>\n\t\t<div class=\"elementor-element elementor-element-1e18f32d e-flex e-con-boxed e-con e-parent\" data-id=\"1e18f32d\" data-element_type=\"container\">\n\t\t\t\t\t<div class=\"e-con-inner\">\n\t\t<div class=\"elementor-element elementor-element-379d8700 e-con-full e-flex e-con e-child\" data-id=\"379d8700\" data-element_type=\"container\">\n\t\t\t\t<div class=\"elementor-element elementor-element-4b70a7c7 elementor-widget elementor-widget-image\" data-id=\"4b70a7c7\" data-element_type=\"widget\" data-widget_type=\"image.default\">\n\t\t\t\t<div class=\"elementor-widget-container\">\n\t\t\t\t\t\t\t\t\t\t\t\t\t\t\t<img fetchpriority=\"high\" decoding=\"async\" width=\"1024\" height=\"683\" src=\"https:\/\/www.scee.mx\/wp-content\/uploads\/2023\/12\/microcableado-1024x683.jpeg\" class=\"attachment-large size-large wp-image-200\" alt=\"\" srcset=\"https:\/\/www.scee.mx\/wp-content\/uploads\/2023\/12\/microcableado-1024x683.jpeg 1024w, https:\/\/www.scee.mx\/wp-content\/uploads\/2023\/12\/microcableado-600x400.jpeg 600w, https:\/\/www.scee.mx\/wp-content\/uploads\/2023\/12\/microcableado-300x200.jpeg 300w, https:\/\/www.scee.mx\/wp-content\/uploads\/2023\/12\/microcableado-768x512.jpeg 768w, https:\/\/www.scee.mx\/wp-content\/uploads\/2023\/12\/microcableado-1536x1024.jpeg 1536w, https:\/\/www.scee.mx\/wp-content\/uploads\/2023\/12\/microcableado.jpeg 1920w\" sizes=\"(max-width: 1024px) 100vw, 1024px\" \/>\t\t\t\t\t\t\t\t\t\t\t\t\t\t\t<\/div>\n\t\t\t\t<\/div>\n\t\t\t\t<\/div>\n\t\t<div class=\"elementor-element elementor-element-56de5cac e-con-full e-flex e-con e-child\" data-id=\"56de5cac\" data-element_type=\"container\">\n\t\t\t\t<div class=\"elementor-element elementor-element-2160bd3 elementor-widget elementor-widget-text-editor\" data-id=\"2160bd3\" data-element_type=\"widget\" data-widget_type=\"text-editor.default\">\n\t\t\t\t<div class=\"elementor-widget-container\">\n\t\t\t\t\t\t\t\t\t<p><span style=\"font-weight: 400; color: #000000;\">En resumen, una red de voz y datos es un sistema de comunicaci\u00f3n que permite a los usuarios compartir informaci\u00f3n entre s\u00ed. La red consta de varios componentes, incluidos dispositivos terminales, servidores, conmutadores, enrutadores y cableado.<\/span><\/p><p><span style=\"font-weight: 400; color: #000000;\">Tambi\u00e9n se conoce como cableado estructurado o cableado ethernet, y consiste en tener los cables correctos instalados de la manera correcta y en los lugares correctos para permitir la transferencia de datos a los lugares correctos. Estos cables son el centro de una red que alimenta los sistemas inform\u00e1ticos, conecta dispositivos inal\u00e1mbricos, sistemas telef\u00f3nicos, fotocopiadoras y m\u00e1s.\u00a0<\/span><\/p><h4><span style=\"color: #000000;\"><b>Funcionamiento<\/b><\/span><\/h4><p><span style=\"font-weight: 400; color: #000000;\">El sistema funciona mediante la transmisi\u00f3n de datos y voz a trav\u00e9s de la red. Los dispositivos terminales se conectan a los conmutadores, que se encargan de gestionar el tr\u00e1fico en la red. Los conmutadores se conectan a los enrutadores, que se encargan de conectar diferentes redes entre s\u00ed. Los enrutadores se conectan a los servidores, que proporcionan servicios a la red. Todos los dispositivos de la red est\u00e1n conectados entre s\u00ed mediante cableado. La transmisi\u00f3n de datos y voz se realiza a trav\u00e9s de la red.<\/span><\/p>\t\t\t\t\t\t\t\t<\/div>\n\t\t\t\t<\/div>\n\t\t\t\t<\/div>\n\t\t\t\t\t<\/div>\n\t\t\t\t<\/div>\n\t\t<div class=\"elementor-element elementor-element-e370549 e-flex e-con-boxed e-con e-parent\" data-id=\"e370549\" data-element_type=\"container\" data-settings=\"{&quot;background_background&quot;:&quot;classic&quot;}\">\n\t\t\t\t\t<div class=\"e-con-inner\">\n\t\t\t\t<div class=\"elementor-element elementor-element-344affa8 elementor-widget elementor-widget-spacer\" data-id=\"344affa8\" data-element_type=\"widget\" data-widget_type=\"spacer.default\">\n\t\t\t\t<div class=\"elementor-widget-container\">\n\t\t\t\t\t\t\t<div class=\"elementor-spacer\">\n\t\t\t<div class=\"elementor-spacer-inner\"><\/div>\n\t\t<\/div>\n\t\t\t\t\t\t<\/div>\n\t\t\t\t<\/div>\n\t\t\t\t\t<\/div>\n\t\t\t\t<\/div>\n\t\t<div class=\"elementor-element elementor-element-4d7534c3 e-flex e-con-boxed e-con e-parent\" data-id=\"4d7534c3\" data-element_type=\"container\">\n\t\t\t\t\t<div class=\"e-con-inner\">\n\t\t<div class=\"elementor-element elementor-element-1af8feac e-con-full e-flex e-con e-child\" data-id=\"1af8feac\" data-element_type=\"container\">\n\t\t\t\t<div class=\"elementor-element elementor-element-2b7afa88 elementor-hidden-desktop elementor-hidden-tablet elementor-widget elementor-widget-image\" data-id=\"2b7afa88\" data-element_type=\"widget\" data-widget_type=\"image.default\">\n\t\t\t\t<div class=\"elementor-widget-container\">\n\t\t\t\t\t\t\t\t\t\t\t\t\t\t\t<img decoding=\"async\" width=\"1024\" height=\"621\" src=\"https:\/\/www.scee.mx\/wp-content\/uploads\/2023\/12\/vozydatos01-1024x621.png\" class=\"attachment-large size-large wp-image-202\" alt=\"\" srcset=\"https:\/\/www.scee.mx\/wp-content\/uploads\/2023\/12\/vozydatos01-1024x621.png 1024w, https:\/\/www.scee.mx\/wp-content\/uploads\/2023\/12\/vozydatos01-600x364.png 600w, https:\/\/www.scee.mx\/wp-content\/uploads\/2023\/12\/vozydatos01-300x182.png 300w, https:\/\/www.scee.mx\/wp-content\/uploads\/2023\/12\/vozydatos01-768x466.png 768w, https:\/\/www.scee.mx\/wp-content\/uploads\/2023\/12\/vozydatos01.png 1169w\" sizes=\"(max-width: 1024px) 100vw, 1024px\" \/>\t\t\t\t\t\t\t\t\t\t\t\t\t\t\t<\/div>\n\t\t\t\t<\/div>\n\t\t\t\t<div class=\"elementor-element elementor-element-1af6540a elementor-widget elementor-widget-text-editor\" data-id=\"1af6540a\" data-element_type=\"widget\" data-widget_type=\"text-editor.default\">\n\t\t\t\t<div class=\"elementor-widget-container\">\n\t\t\t\t\t\t\t\t\t<p><span style=\"font-weight: 400; color: #000000;\">Esperamos que esta explicaci\u00f3n completa sobre los componentes y el funcionamiento de una red te haya sido \u00fatil. Si est\u00e1s interesado en implementar una red de voz y datos en tu empresa, no dudes en consultar a un profesional. En conclusi\u00f3n, una red de voz y datos es una infraestructura que permite la transmisi\u00f3n de informaci\u00f3n y voz en tiempo real a trav\u00e9s de diferentes dispositivos y aplicaciones.<\/span><\/p><h4><span style=\"color: #000000;\"><b>Servicios integrados<\/b><\/span><\/h4><ul><li style=\"font-weight: 400;\" aria-level=\"1\"><span style=\"font-weight: 400; color: #000000;\">Cotizaciones.<\/span><\/li><li style=\"font-weight: 400;\" aria-level=\"1\"><span style=\"font-weight: 400; color: #000000;\">Suministro de material.<\/span><\/li><li style=\"font-weight: 400;\" aria-level=\"1\"><span style=\"font-weight: 400; color: #000000;\">Instalaci\u00f3n.<\/span><\/li><li style=\"font-weight: 400;\" aria-level=\"1\"><span style=\"font-weight: 400; color: #000000;\">Pruebas.<\/span><\/li><li style=\"font-weight: 400;\" aria-level=\"1\"><span style=\"font-weight: 400; color: #000000;\">Trabajo de calidad.<\/span><\/li><li style=\"font-weight: 400;\" aria-level=\"1\"><span style=\"font-weight: 400; color: #000000;\">Herramientas y\/o equipos con la tecnolog\u00eda m\u00e1s avanzada.<\/span><\/li><\/ul>\t\t\t\t\t\t\t\t<\/div>\n\t\t\t\t<\/div>\n\t\t\t\t<\/div>\n\t\t<div class=\"elementor-element elementor-element-487bded5 e-con-full e-flex e-con e-child\" data-id=\"487bded5\" data-element_type=\"container\">\n\t\t\t\t<div class=\"elementor-element elementor-element-258e904 elementor-hidden-mobile elementor-widget elementor-widget-image\" data-id=\"258e904\" data-element_type=\"widget\" data-widget_type=\"image.default\">\n\t\t\t\t<div class=\"elementor-widget-container\">\n\t\t\t\t\t\t\t\t\t\t\t\t\t\t\t<img decoding=\"async\" width=\"1024\" height=\"621\" src=\"https:\/\/www.scee.mx\/wp-content\/uploads\/2023\/12\/vozydatos01-1024x621.png\" class=\"attachment-large size-large wp-image-202\" alt=\"\" srcset=\"https:\/\/www.scee.mx\/wp-content\/uploads\/2023\/12\/vozydatos01-1024x621.png 1024w, https:\/\/www.scee.mx\/wp-content\/uploads\/2023\/12\/vozydatos01-600x364.png 600w, https:\/\/www.scee.mx\/wp-content\/uploads\/2023\/12\/vozydatos01-300x182.png 300w, https:\/\/www.scee.mx\/wp-content\/uploads\/2023\/12\/vozydatos01-768x466.png 768w, https:\/\/www.scee.mx\/wp-content\/uploads\/2023\/12\/vozydatos01.png 1169w\" sizes=\"(max-width: 1024px) 100vw, 1024px\" \/>\t\t\t\t\t\t\t\t\t\t\t\t\t\t\t<\/div>\n\t\t\t\t<\/div>\n\t\t\t\t<\/div>\n\t\t\t\t\t<\/div>\n\t\t\t\t<\/div>\n\t\t<div class=\"elementor-element elementor-element-2d948cbf e-flex e-con-boxed e-con e-parent\" data-id=\"2d948cbf\" data-element_type=\"container\">\n\t\t\t\t\t<div class=\"e-con-inner\">\n\t\t<div class=\"elementor-element elementor-element-403bec19 e-con-full e-flex e-con e-child\" data-id=\"403bec19\" data-element_type=\"container\">\n\t\t\t\t<\/div>\n\t\t<div class=\"elementor-element elementor-element-1109c45 e-con-full e-flex e-con e-child\" data-id=\"1109c45\" data-element_type=\"container\">\n\t\t\t\t<div class=\"elementor-element elementor-element-4b67fbca elementor-align-justify elementor-widget elementor-widget-button\" data-id=\"4b67fbca\" data-element_type=\"widget\" data-widget_type=\"button.default\">\n\t\t\t\t<div class=\"elementor-widget-container\">\n\t\t\t\t\t\t\t\t\t<div class=\"elementor-button-wrapper\">\n\t\t\t\t\t<a class=\"elementor-button elementor-button-link elementor-size-sm\" href=\"http:\/\/wa.me\/2223931742\">\n\t\t\t\t\t\t<span class=\"elementor-button-content-wrapper\">\n\t\t\t\t\t\t\t\t\t<span class=\"elementor-button-text\">Agenda tu acesor\u00eda<\/span>\n\t\t\t\t\t<\/span>\n\t\t\t\t\t<\/a>\n\t\t\t\t<\/div>\n\t\t\t\t\t\t\t\t<\/div>\n\t\t\t\t<\/div>\n\t\t\t\t<\/div>\n\t\t<div class=\"elementor-element elementor-element-268c5a82 e-con-full e-flex e-con e-child\" data-id=\"268c5a82\" data-element_type=\"container\">\n\t\t\t\t<\/div>\n\t\t\t\t\t<\/div>\n\t\t\t\t<\/div>\n\t\t\t\t<\/div>\n\t\t","protected":false},"excerpt":{"rendered":"<p>CABLEADO DE VOZ Y DATOS En resumen, una red de voz y datos es un sistema de comunicaci\u00f3n que permite a los usuarios compartir informaci\u00f3n entre s\u00ed. La red consta de varios componentes, incluidos dispositivos terminales, servidores, conmutadores, enrutadores y cableado. Tambi\u00e9n se conoce como cableado estructurado o cableado ethernet, y consiste en tener los [&hellip;]<\/p>\n","protected":false},"author":1,"featured_media":0,"parent":0,"menu_order":0,"comment_status":"closed","ping_status":"closed","template":"","meta":{"om_disable_all_campaigns":false,"_monsterinsights_skip_tracking":false,"_monsterinsights_sitenote_active":false,"_monsterinsights_sitenote_note":"","_monsterinsights_sitenote_category":0,"site-sidebar-layout":"no-sidebar","site-content-layout":"","ast-site-content-layout":"full-width-container","site-content-style":"default","site-sidebar-style":"default","ast-global-header-display":"","ast-banner-title-visibility":"","ast-main-header-display":"","ast-hfb-above-header-display":"","ast-hfb-below-header-display":"","ast-hfb-mobile-header-display":"","site-post-title":"disabled","ast-breadcrumbs-content":"","ast-featured-img":"disabled","footer-sml-layout":"","ast-disable-related-posts":"","theme-transparent-header-meta":"","adv-header-id-meta":"","stick-header-meta":"","header-above-stick-meta":"","header-main-stick-meta":"","header-below-stick-meta":"","astra-migrate-meta-layouts":"default","ast-page-background-enabled":"default","ast-page-background-meta":{"desktop":{"background-color":"var(--ast-global-color-4)","background-image":"","background-repeat":"repeat","background-position":"center center","background-size":"auto","background-attachment":"scroll","background-type":"","background-media":"","overlay-type":"","overlay-color":"","overlay-opacity":"","overlay-gradient":""},"tablet":{"background-color":"","background-image":"","background-repeat":"repeat","background-position":"center center","background-size":"auto","background-attachment":"scroll","background-type":"","background-media":"","overlay-type":"","overlay-color":"","overlay-opacity":"","overlay-gradient":""},"mobile":{"background-color":"","background-image":"","background-repeat":"repeat","background-position":"center center","background-size":"auto","background-attachment":"scroll","background-type":"","background-media":"","overlay-type":"","overlay-color":"","overlay-opacity":"","overlay-gradient":""}},"ast-content-background-meta":{"desktop":{"background-color":"var(--ast-global-color-5)","background-image":"","background-repeat":"repeat","background-position":"center center","background-size":"auto","background-attachment":"scroll","background-type":"","background-media":"","overlay-type":"","overlay-color":"","overlay-opacity":"","overlay-gradient":""},"tablet":{"background-color":"var(--ast-global-color-5)","background-image":"","background-repeat":"repeat","background-position":"center center","background-size":"auto","background-attachment":"scroll","background-type":"","background-media":"","overlay-type":"","overlay-color":"","overlay-opacity":"","overlay-gradient":""},"mobile":{"background-color":"var(--ast-global-color-5)","background-image":"","background-repeat":"repeat","background-position":"center center","background-size":"auto","background-attachment":"scroll","background-type":"","background-media":"","overlay-type":"","overlay-color":"","overlay-opacity":"","overlay-gradient":""}},"footnotes":""},"class_list":["post-38","page","type-page","status-publish","hentry"],"aioseo_notices":[],"jetpack_sharing_enabled":true,"_links":{"self":[{"href":"https:\/\/www.scee.mx\/index.php\/wp-json\/wp\/v2\/pages\/38","targetHints":{"allow":["GET"]}}],"collection":[{"href":"https:\/\/www.scee.mx\/index.php\/wp-json\/wp\/v2\/pages"}],"about":[{"href":"https:\/\/www.scee.mx\/index.php\/wp-json\/wp\/v2\/types\/page"}],"author":[{"embeddable":true,"href":"https:\/\/www.scee.mx\/index.php\/wp-json\/wp\/v2\/users\/1"}],"replies":[{"embeddable":true,"href":"https:\/\/www.scee.mx\/index.php\/wp-json\/wp\/v2\/comments?post=38"}],"version-history":[{"count":16,"href":"https:\/\/www.scee.mx\/index.php\/wp-json\/wp\/v2\/pages\/38\/revisions"}],"predecessor-version":[{"id":694,"href":"https:\/\/www.scee.mx\/index.php\/wp-json\/wp\/v2\/pages\/38\/revisions\/694"}],"wp:attachment":[{"href":"https:\/\/www.scee.mx\/index.php\/wp-json\/wp\/v2\/media?parent=38"}],"curies":[{"name":"wp","href":"https:\/\/api.w.org\/{rel}","templated":true}]}}