{"id":40,"date":"2023-12-05T21:39:29","date_gmt":"2023-12-05T20:39:29","guid":{"rendered":"https:\/\/www.scee.mx\/?page_id=40"},"modified":"2024-06-21T14:12:48","modified_gmt":"2024-06-21T20:12:48","slug":"instalacion-de-ccvt","status":"publish","type":"page","link":"https:\/\/www.scee.mx\/index.php\/instalacion-de-ccvt\/","title":{"rendered":"Instalaci\u00f3n de CCVT"},"content":{"rendered":"\t\t<div data-elementor-type=\"wp-page\" data-elementor-id=\"40\" class=\"elementor elementor-40\" data-elementor-post-type=\"page\">\n\t\t\t\t<div class=\"elementor-element elementor-element-50fc3550 e-flex e-con-boxed e-con e-parent\" data-id=\"50fc3550\" data-element_type=\"container\" data-settings=\"{&quot;background_background&quot;:&quot;classic&quot;}\">\n\t\t\t\t\t<div class=\"e-con-inner\">\n\t\t\t\t<div class=\"elementor-element elementor-element-32992e70 elementor-widget elementor-widget-spacer\" data-id=\"32992e70\" data-element_type=\"widget\" data-widget_type=\"spacer.default\">\n\t\t\t\t<div class=\"elementor-widget-container\">\n\t\t\t\t\t\t\t<div class=\"elementor-spacer\">\n\t\t\t<div class=\"elementor-spacer-inner\"><\/div>\n\t\t<\/div>\n\t\t\t\t\t\t<\/div>\n\t\t\t\t<\/div>\n\t\t\t\t<div class=\"elementor-element elementor-element-1d16d196 elementor-widget elementor-widget-heading\" data-id=\"1d16d196\" data-element_type=\"widget\" data-widget_type=\"heading.default\">\n\t\t\t\t<div class=\"elementor-widget-container\">\n\t\t\t\t\t<h2 class=\"elementor-heading-title elementor-size-default\">INSTALACI\u00d3N DE CCTV<\/h2>\t\t\t\t<\/div>\n\t\t\t\t<\/div>\n\t\t\t\t<div class=\"elementor-element elementor-element-132f0b6d elementor-widget elementor-widget-spacer\" data-id=\"132f0b6d\" data-element_type=\"widget\" data-widget_type=\"spacer.default\">\n\t\t\t\t<div class=\"elementor-widget-container\">\n\t\t\t\t\t\t\t<div class=\"elementor-spacer\">\n\t\t\t<div class=\"elementor-spacer-inner\"><\/div>\n\t\t<\/div>\n\t\t\t\t\t\t<\/div>\n\t\t\t\t<\/div>\n\t\t\t\t\t<\/div>\n\t\t\t\t<\/div>\n\t\t<div class=\"elementor-element elementor-element-5e0838ae e-flex e-con-boxed e-con e-parent\" data-id=\"5e0838ae\" data-element_type=\"container\">\n\t\t\t\t\t<div class=\"e-con-inner\">\n\t\t\t\t<div class=\"elementor-element elementor-element-20bcd68c elementor-widget elementor-widget-spacer\" data-id=\"20bcd68c\" data-element_type=\"widget\" data-widget_type=\"spacer.default\">\n\t\t\t\t<div class=\"elementor-widget-container\">\n\t\t\t\t\t\t\t<div class=\"elementor-spacer\">\n\t\t\t<div class=\"elementor-spacer-inner\"><\/div>\n\t\t<\/div>\n\t\t\t\t\t\t<\/div>\n\t\t\t\t<\/div>\n\t\t\t\t\t<\/div>\n\t\t\t\t<\/div>\n\t\t<div class=\"elementor-element elementor-element-4e0ebd66 e-flex e-con-boxed e-con e-parent\" data-id=\"4e0ebd66\" data-element_type=\"container\">\n\t\t\t\t\t<div class=\"e-con-inner\">\n\t\t<div class=\"elementor-element elementor-element-41831878 e-con-full e-flex e-con e-child\" data-id=\"41831878\" data-element_type=\"container\">\n\t\t\t\t<div class=\"elementor-element elementor-element-452cd7e6 elementor-widget elementor-widget-image\" data-id=\"452cd7e6\" data-element_type=\"widget\" data-widget_type=\"image.default\">\n\t\t\t\t<div class=\"elementor-widget-container\">\n\t\t\t\t\t\t\t\t\t\t\t\t\t\t\t<img fetchpriority=\"high\" decoding=\"async\" width=\"1024\" height=\"768\" src=\"https:\/\/www.scee.mx\/wp-content\/uploads\/2023\/12\/camara2-e1441581961889-1024x768-1.webp\" class=\"attachment-large size-large wp-image-94\" alt=\"\" srcset=\"https:\/\/www.scee.mx\/wp-content\/uploads\/2023\/12\/camara2-e1441581961889-1024x768-1.webp 1024w, https:\/\/www.scee.mx\/wp-content\/uploads\/2023\/12\/camara2-e1441581961889-1024x768-1-600x450.webp 600w, https:\/\/www.scee.mx\/wp-content\/uploads\/2023\/12\/camara2-e1441581961889-1024x768-1-300x225.webp 300w, https:\/\/www.scee.mx\/wp-content\/uploads\/2023\/12\/camara2-e1441581961889-1024x768-1-768x576.webp 768w\" sizes=\"(max-width: 1024px) 100vw, 1024px\" \/>\t\t\t\t\t\t\t\t\t\t\t\t\t\t\t<\/div>\n\t\t\t\t<\/div>\n\t\t\t\t<\/div>\n\t\t<div class=\"elementor-element elementor-element-571ea26e e-con-full e-flex e-con e-child\" data-id=\"571ea26e\" data-element_type=\"container\">\n\t\t\t\t<div class=\"elementor-element elementor-element-34f0e3a2 elementor-widget elementor-widget-text-editor\" data-id=\"34f0e3a2\" data-element_type=\"widget\" data-widget_type=\"text-editor.default\">\n\t\t\t\t<div class=\"elementor-widget-container\">\n\t\t\t\t\t\t\t\t\t<p><span style=\"font-weight: 400; color: #000000;\">Un sistema de CCTV, o circuito cerrado de televisi\u00f3n, es una tecnolog\u00eda de videovigilancia que se utiliza para monitorear y proteger \u00e1reas espec\u00edficas en tiempo real para tu planta, empresa o vivienda.\u00a0<\/span><\/p><h4><strong><span style=\"color: #000000;\">Tipos de sistemas<\/span><\/strong><\/h4><ul><li style=\"font-weight: 400;\" aria-level=\"1\"><span style=\"font-weight: 400; color: #000000;\">Anal\u00f3gicos.<\/span><\/li><li style=\"font-weight: 400;\" aria-level=\"1\"><span style=\"font-weight: 400; color: #000000;\">Digitales.<\/span><\/li><li style=\"font-weight: 400;\" aria-level=\"1\"><span style=\"font-weight: 400; color: #000000;\">Al\u00e1mbricos.<\/span><\/li><li style=\"font-weight: 400;\" aria-level=\"1\"><span style=\"font-weight: 400; color: #000000;\">Inal\u00e1mbricos.<\/span><\/li><\/ul><div><span style=\"color: #000000;\">Sin embargo, los sistemas digitales son los mas eficientes para un correcto monitoreo de las \u00e1reas de tu empresa.<\/span><br \/><span style=\"color: #000000;\">Podr\u00e1s solicitar una cotizaci\u00f3n o una asesor\u00eda personalizada en el bot\u00f3n, al final de esta p\u00e1gina; mientras tanto te invitamos a seguir leyendo.<\/span><\/div>\t\t\t\t\t\t\t\t<\/div>\n\t\t\t\t<\/div>\n\t\t\t\t<\/div>\n\t\t\t\t\t<\/div>\n\t\t\t\t<\/div>\n\t\t<div class=\"elementor-element elementor-element-cbbbac1 e-flex e-con-boxed e-con e-parent\" data-id=\"cbbbac1\" data-element_type=\"container\">\n\t\t\t\t\t<div class=\"e-con-inner\">\n\t\t\t\t<div class=\"elementor-element elementor-element-eb863fd elementor-widget elementor-widget-spacer\" data-id=\"eb863fd\" data-element_type=\"widget\" data-widget_type=\"spacer.default\">\n\t\t\t\t<div class=\"elementor-widget-container\">\n\t\t\t\t\t\t\t<div class=\"elementor-spacer\">\n\t\t\t<div class=\"elementor-spacer-inner\"><\/div>\n\t\t<\/div>\n\t\t\t\t\t\t<\/div>\n\t\t\t\t<\/div>\n\t\t\t\t\t<\/div>\n\t\t\t\t<\/div>\n\t\t<div class=\"elementor-element elementor-element-6d0a03f4 e-flex e-con-boxed e-con e-parent\" data-id=\"6d0a03f4\" data-element_type=\"container\">\n\t\t\t\t\t<div class=\"e-con-inner\">\n\t\t<div class=\"elementor-element elementor-element-76746596 e-con-full e-flex e-con e-child\" data-id=\"76746596\" data-element_type=\"container\">\n\t\t\t\t<div class=\"elementor-element elementor-element-1412ced2 elementor-hidden-desktop elementor-hidden-tablet elementor-widget elementor-widget-image\" data-id=\"1412ced2\" data-element_type=\"widget\" data-widget_type=\"image.default\">\n\t\t\t\t<div class=\"elementor-widget-container\">\n\t\t\t\t\t\t\t\t\t\t\t\t\t\t\t<img decoding=\"async\" width=\"1024\" height=\"576\" src=\"https:\/\/www.scee.mx\/wp-content\/uploads\/2023\/12\/camaras-de-vigilancia-scaled-1-1024x576.jpeg\" class=\"attachment-large size-large wp-image-208\" alt=\"\" srcset=\"https:\/\/www.scee.mx\/wp-content\/uploads\/2023\/12\/camaras-de-vigilancia-scaled-1-1024x576.jpeg 1024w, https:\/\/www.scee.mx\/wp-content\/uploads\/2023\/12\/camaras-de-vigilancia-scaled-1-600x338.jpeg 600w, https:\/\/www.scee.mx\/wp-content\/uploads\/2023\/12\/camaras-de-vigilancia-scaled-1-300x169.jpeg 300w, https:\/\/www.scee.mx\/wp-content\/uploads\/2023\/12\/camaras-de-vigilancia-scaled-1-768x432.jpeg 768w, https:\/\/www.scee.mx\/wp-content\/uploads\/2023\/12\/camaras-de-vigilancia-scaled-1-1536x864.jpeg 1536w, https:\/\/www.scee.mx\/wp-content\/uploads\/2023\/12\/camaras-de-vigilancia-scaled-1-2048x1152.jpeg 2048w\" sizes=\"(max-width: 1024px) 100vw, 1024px\" \/>\t\t\t\t\t\t\t\t\t\t\t\t\t\t\t<\/div>\n\t\t\t\t<\/div>\n\t\t\t\t<div class=\"elementor-element elementor-element-6278836 elementor-widget elementor-widget-text-editor\" data-id=\"6278836\" data-element_type=\"widget\" data-widget_type=\"text-editor.default\">\n\t\t\t\t<div class=\"elementor-widget-container\">\n\t\t\t\t\t\t\t\t\t<p><span style=\"font-weight: 400; color: #000000;\">Todos estos sistemas cuentan con los mismos componentes, los cuales son indispensables para su funcionamiento, estos son:<\/span><\/p><h5><strong><span style=\"color: #000000;\">C\u00e1maras:<\/span><\/strong><\/h5><p><span style=\"font-weight: 400; color: #000000;\">Se refiere a todos los dispositivos o equipos que generan las im\u00e1genes de v\u00eddeo. Pueden ser de diferentes tipos seg\u00fan el lugar donde se coloquen, lo cual es muy importante si queremos que el sistema funcione correctamente durante la vida \u00fatil de cada equipo, y obtener la funci\u00f3n que se espera de ellas, por eso se le sugiere cumplir con las especificaciones t\u00e9cnicas que requiera el sistema.<\/span><\/p><h5><strong><span style=\"color: #000000;\">Dispositivos de administraci\u00f3n y grabaci\u00f3n:<\/span><\/strong><\/h5><p><span style=\"font-weight: 400; color: #000000;\"> Estos son esenciales para gestionar y administrar el v\u00eddeo que se genera y adem\u00e1s, para almacenarlo durante determinado tiempo.<\/span><\/p><h5><strong><span style=\"color: #000000;\">Infraestructura:<\/span><\/strong><\/h5><p><span style=\"font-weight: 400; color: #000000;\">Se refiere a la conexi\u00f3n de equipo a equipo dependiendo del tipo de sistema que se est\u00e9 implementando, todos los elementos tales como cable y conectores necesarios para la transmisi\u00f3n del v\u00eddeo. En el caso de ser un sistema inal\u00e1mbrico, se usan radios o antenas para captar las se\u00f1ales y estas ser proyectadas al monitor asignado y\/o determinado.<\/span><\/p><h5><strong><span style=\"color: #000000;\">Sistema de visualizaci\u00f3n:<\/span><\/strong><\/h5><p><span style=\"font-weight: 400; color: #000000;\">Se refiere a las pantallas o monitores en donde se despliegan las im\u00e1genes de las c\u00e1maras. Algunos equipos modernos permiten la transmisi\u00f3n de varias tomas al mismo tiempo, por lo que no es necesario tener un monitor por cada c\u00e1mara instalada esto con el fin de poder manipular el sistema de una mejor manera y todo sea m\u00e1s pr\u00e1ctico para el operador.<\/span><\/p><h5><strong><span style=\"color: #000000;\">Equipos de suministro de energ\u00eda:<\/span><\/strong><\/h5><p><span style=\"font-weight: 400; color: #000000;\">Como tal\u00a0 sirve para que todo el sistema tenga vida.Ya que estos deben cumplir la funci\u00f3n de regular, proteger y dar energ\u00eda a las c\u00e1maras, ya sea que se instale uno por cada c\u00e1mara o en un conjunto. Pero que a su vez, tienen que estar conectados a una Unidad de Suministro de Energ\u00eda.<\/span><\/p>\t\t\t\t\t\t\t\t<\/div>\n\t\t\t\t<\/div>\n\t\t\t\t<\/div>\n\t\t<div class=\"elementor-element elementor-element-3f174856 e-con-full e-flex e-con e-child\" data-id=\"3f174856\" data-element_type=\"container\">\n\t\t\t\t<div class=\"elementor-element elementor-element-b90f30d elementor-hidden-mobile elementor-widget elementor-widget-image\" data-id=\"b90f30d\" data-element_type=\"widget\" data-widget_type=\"image.default\">\n\t\t\t\t<div class=\"elementor-widget-container\">\n\t\t\t\t\t\t\t\t\t\t\t\t\t\t\t<img decoding=\"async\" width=\"1024\" height=\"576\" src=\"https:\/\/www.scee.mx\/wp-content\/uploads\/2023\/12\/camaras-de-vigilancia-scaled-1-1024x576.jpeg\" class=\"attachment-large size-large wp-image-208\" alt=\"\" srcset=\"https:\/\/www.scee.mx\/wp-content\/uploads\/2023\/12\/camaras-de-vigilancia-scaled-1-1024x576.jpeg 1024w, https:\/\/www.scee.mx\/wp-content\/uploads\/2023\/12\/camaras-de-vigilancia-scaled-1-600x338.jpeg 600w, https:\/\/www.scee.mx\/wp-content\/uploads\/2023\/12\/camaras-de-vigilancia-scaled-1-300x169.jpeg 300w, https:\/\/www.scee.mx\/wp-content\/uploads\/2023\/12\/camaras-de-vigilancia-scaled-1-768x432.jpeg 768w, https:\/\/www.scee.mx\/wp-content\/uploads\/2023\/12\/camaras-de-vigilancia-scaled-1-1536x864.jpeg 1536w, https:\/\/www.scee.mx\/wp-content\/uploads\/2023\/12\/camaras-de-vigilancia-scaled-1-2048x1152.jpeg 2048w\" sizes=\"(max-width: 1024px) 100vw, 1024px\" \/>\t\t\t\t\t\t\t\t\t\t\t\t\t\t\t<\/div>\n\t\t\t\t<\/div>\n\t\t\t\t<\/div>\n\t\t\t\t\t<\/div>\n\t\t\t\t<\/div>\n\t\t<div class=\"elementor-element elementor-element-af362b1 e-flex e-con-boxed e-con e-parent\" data-id=\"af362b1\" data-element_type=\"container\" data-settings=\"{&quot;background_background&quot;:&quot;classic&quot;}\">\n\t\t\t\t\t<div class=\"e-con-inner\">\n\t\t\t\t<div class=\"elementor-element elementor-element-6cbc412 elementor-widget elementor-widget-spacer\" data-id=\"6cbc412\" data-element_type=\"widget\" data-widget_type=\"spacer.default\">\n\t\t\t\t<div class=\"elementor-widget-container\">\n\t\t\t\t\t\t\t<div class=\"elementor-spacer\">\n\t\t\t<div class=\"elementor-spacer-inner\"><\/div>\n\t\t<\/div>\n\t\t\t\t\t\t<\/div>\n\t\t\t\t<\/div>\n\t\t\t\t\t<\/div>\n\t\t\t\t<\/div>\n\t\t<div class=\"elementor-element elementor-element-89522fb e-flex e-con-boxed e-con e-parent\" data-id=\"89522fb\" data-element_type=\"container\">\n\t\t\t\t\t<div class=\"e-con-inner\">\n\t\t<div class=\"elementor-element elementor-element-c0d0cd8 e-con-full e-flex e-con e-child\" data-id=\"c0d0cd8\" data-element_type=\"container\">\n\t\t\t\t<div class=\"elementor-element elementor-element-7b71ec6 elementor-widget elementor-widget-image\" data-id=\"7b71ec6\" data-element_type=\"widget\" data-widget_type=\"image.default\">\n\t\t\t\t<div class=\"elementor-widget-container\">\n\t\t\t\t\t\t\t\t\t\t\t\t\t\t\t<img decoding=\"async\" width=\"601\" height=\"900\" src=\"https:\/\/www.scee.mx\/wp-content\/uploads\/2024\/02\/product-jpeg-1000x1000-1.webp\" class=\"attachment-large size-large wp-image-659\" alt=\"\" srcset=\"https:\/\/www.scee.mx\/wp-content\/uploads\/2024\/02\/product-jpeg-1000x1000-1.webp 601w, https:\/\/www.scee.mx\/wp-content\/uploads\/2024\/02\/product-jpeg-1000x1000-1-200x300.webp 200w\" sizes=\"(max-width: 601px) 100vw, 601px\" \/>\t\t\t\t\t\t\t\t\t\t\t\t\t\t\t<\/div>\n\t\t\t\t<\/div>\n\t\t\t\t<\/div>\n\t\t<div class=\"elementor-element elementor-element-9f66304 e-con-full e-flex e-con e-child\" data-id=\"9f66304\" data-element_type=\"container\">\n\t\t\t\t<div class=\"elementor-element elementor-element-8f204ed elementor-widget elementor-widget-text-editor\" data-id=\"8f204ed\" data-element_type=\"widget\" data-widget_type=\"text-editor.default\">\n\t\t\t\t<div class=\"elementor-widget-container\">\n\t\t\t\t\t\t\t\t\t<h4><span style=\"color: #000000;\"><strong>Servicios integrados<\/strong><\/span><\/h4><ul><li style=\"font-weight: 400;\" aria-level=\"1\"><span style=\"font-weight: 400; color: #000000;\">Cotizaciones.<\/span><\/li><li style=\"font-weight: 400;\" aria-level=\"1\"><span style=\"font-weight: 400; color: #000000;\">Suministro de materiales.<\/span><\/li><li style=\"font-weight: 400;\" aria-level=\"1\"><span style=\"font-weight: 400; color: #000000;\">Instalaci\u00f3n.\u00a0<\/span><\/li><li style=\"font-weight: 400;\" aria-level=\"1\"><span style=\"font-weight: 400; color: #000000;\">Pruebas .<\/span><\/li><li style=\"font-weight: 400;\" aria-level=\"1\"><span style=\"font-weight: 400; color: #000000;\">Capacitaciones.<\/span><\/li><li style=\"font-weight: 400;\" aria-level=\"1\"><span style=\"font-weight: 400; color: #000000;\">Mantenimiento.<\/span><\/li><li style=\"font-weight: 400;\" aria-level=\"1\"><span style=\"font-weight: 400; color: #000000;\">Trabajo de calidad.<\/span><\/li><li style=\"font-weight: 400;\" aria-level=\"1\"><span style=\"font-weight: 400; color: #000000;\">Herramientas y\/o equipos con la tecnolog\u00eda m\u00e1s avanzada.<\/span><\/li><\/ul><h4><span style=\"color: #000000;\"><b>Funcionamiento<\/b><\/span><\/h4><p><span style=\"font-weight: 400; color: #000000;\">El funcionamiento es muy sencillo. Primero, los dispositivos o c\u00e1maras de seguridad como todos los conocemos, las cuales pueden ser fijas o con posicionador (dependiendo del tipo y\/o modelo de la c\u00e1mara) captan las im\u00e1genes en el \u00e1rea que se desea monitorear. Cada equipo (c\u00e1mara de seguridad) conectado al sistema es un componente esencial del mismo para su correcta funci\u00f3n, por lo cual todas est\u00e1n enlazadas por un medio de transmisi\u00f3n.\u00a0<\/span><\/p><p><span style=\"font-weight: 400; color: #000000;\">Las im\u00e1genes captadas por las c\u00e1maras luego son enviadas a un monitor o un sistema de DVR (Digital Video Recorder) para su visualizaci\u00f3n y almacenamiento, algo muy importante estas grabaciones pueden ser guardadas siempre y cuando el disco duro tenga espacio, asegurate que la capacidad del mismo sea considerable para almacenar las grabaciones y no tengas problemas en un determinado tiempo.\u00a0<\/span><\/p><p><span style=\"font-weight: 400; color: #000000;\">En muchas de las ocasiones se asigna a una persona como operador de este sistema de CCTV, el cual debe de ser un personal calificado para esta tarea, ya que el puede visualizar las im\u00e1genes en tiempo real y tomar decisiones basadas en ellas. Esto es especialmente importante en la detecci\u00f3n de posibles sucesos no vistos al instante ll\u00e1mese accidentes, desastres naturales, actos inseguros, robos etc. Pero gracias a las tecnolog\u00edas actuales permiten conectar multiplexores y DVRs a internet, permitiendo el acceso a las im\u00e1genes desde cualquier lugar, incluso a trav\u00e9s de tu propio celular. Adem\u00e1s, dependiendo del software instalado en \u00e9sta, el sistema puede generar alertas en forma de correo electr\u00f3nico o SMS cuando el sistema detecta actividad inusual, proporcionando una seguridad adicional. Si es que as\u00ed lo deceas.<\/span><\/p>\t\t\t\t\t\t\t\t<\/div>\n\t\t\t\t<\/div>\n\t\t\t\t<\/div>\n\t\t\t\t\t<\/div>\n\t\t\t\t<\/div>\n\t\t<div class=\"elementor-element elementor-element-35e8d61a e-flex e-con-boxed e-con e-parent\" data-id=\"35e8d61a\" data-element_type=\"container\">\n\t\t\t\t\t<div class=\"e-con-inner\">\n\t\t<div class=\"elementor-element elementor-element-73878f55 e-con-full e-flex e-con e-child\" data-id=\"73878f55\" data-element_type=\"container\">\n\t\t\t\t<\/div>\n\t\t<div class=\"elementor-element elementor-element-2d2633e5 e-con-full e-flex e-con e-child\" data-id=\"2d2633e5\" data-element_type=\"container\">\n\t\t\t\t<div class=\"elementor-element elementor-element-739ded26 elementor-align-justify elementor-widget elementor-widget-button\" data-id=\"739ded26\" data-element_type=\"widget\" data-widget_type=\"button.default\">\n\t\t\t\t<div class=\"elementor-widget-container\">\n\t\t\t\t\t\t\t\t\t<div class=\"elementor-button-wrapper\">\n\t\t\t\t\t<a class=\"elementor-button elementor-button-link elementor-size-sm\" href=\"http:\/\/wa.me\/2223931742\">\n\t\t\t\t\t\t<span class=\"elementor-button-content-wrapper\">\n\t\t\t\t\t\t\t\t\t<span class=\"elementor-button-text\">Agenda tu acesor\u00eda<\/span>\n\t\t\t\t\t<\/span>\n\t\t\t\t\t<\/a>\n\t\t\t\t<\/div>\n\t\t\t\t\t\t\t\t<\/div>\n\t\t\t\t<\/div>\n\t\t\t\t<\/div>\n\t\t<div class=\"elementor-element elementor-element-7a226380 e-con-full e-flex e-con e-child\" data-id=\"7a226380\" data-element_type=\"container\">\n\t\t\t\t<\/div>\n\t\t\t\t\t<\/div>\n\t\t\t\t<\/div>\n\t\t\t\t<\/div>\n\t\t","protected":false},"excerpt":{"rendered":"<p>INSTALACI\u00d3N DE CCTV Un sistema de CCTV, o circuito cerrado de televisi\u00f3n, es una tecnolog\u00eda de videovigilancia que se utiliza para monitorear y proteger \u00e1reas espec\u00edficas en tiempo real para tu planta, empresa o vivienda.\u00a0 Tipos de sistemas Anal\u00f3gicos. Digitales. Al\u00e1mbricos. Inal\u00e1mbricos. Sin embargo, los sistemas digitales son los mas eficientes para un correcto monitoreo [&hellip;]<\/p>\n","protected":false},"author":1,"featured_media":0,"parent":0,"menu_order":0,"comment_status":"closed","ping_status":"closed","template":"","meta":{"om_disable_all_campaigns":false,"_monsterinsights_skip_tracking":false,"_monsterinsights_sitenote_active":false,"_monsterinsights_sitenote_note":"","_monsterinsights_sitenote_category":0,"site-sidebar-layout":"no-sidebar","site-content-layout":"","ast-site-content-layout":"full-width-container","site-content-style":"default","site-sidebar-style":"default","ast-global-header-display":"","ast-banner-title-visibility":"","ast-main-header-display":"","ast-hfb-above-header-display":"","ast-hfb-below-header-display":"","ast-hfb-mobile-header-display":"","site-post-title":"disabled","ast-breadcrumbs-content":"","ast-featured-img":"disabled","footer-sml-layout":"","ast-disable-related-posts":"","theme-transparent-header-meta":"","adv-header-id-meta":"","stick-header-meta":"","header-above-stick-meta":"","header-main-stick-meta":"","header-below-stick-meta":"","astra-migrate-meta-layouts":"default","ast-page-background-enabled":"default","ast-page-background-meta":{"desktop":{"background-color":"var(--ast-global-color-4)","background-image":"","background-repeat":"repeat","background-position":"center center","background-size":"auto","background-attachment":"scroll","background-type":"","background-media":"","overlay-type":"","overlay-color":"","overlay-opacity":"","overlay-gradient":""},"tablet":{"background-color":"","background-image":"","background-repeat":"repeat","background-position":"center center","background-size":"auto","background-attachment":"scroll","background-type":"","background-media":"","overlay-type":"","overlay-color":"","overlay-opacity":"","overlay-gradient":""},"mobile":{"background-color":"","background-image":"","background-repeat":"repeat","background-position":"center center","background-size":"auto","background-attachment":"scroll","background-type":"","background-media":"","overlay-type":"","overlay-color":"","overlay-opacity":"","overlay-gradient":""}},"ast-content-background-meta":{"desktop":{"background-color":"var(--ast-global-color-5)","background-image":"","background-repeat":"repeat","background-position":"center center","background-size":"auto","background-attachment":"scroll","background-type":"","background-media":"","overlay-type":"","overlay-color":"","overlay-opacity":"","overlay-gradient":""},"tablet":{"background-color":"var(--ast-global-color-5)","background-image":"","background-repeat":"repeat","background-position":"center center","background-size":"auto","background-attachment":"scroll","background-type":"","background-media":"","overlay-type":"","overlay-color":"","overlay-opacity":"","overlay-gradient":""},"mobile":{"background-color":"var(--ast-global-color-5)","background-image":"","background-repeat":"repeat","background-position":"center center","background-size":"auto","background-attachment":"scroll","background-type":"","background-media":"","overlay-type":"","overlay-color":"","overlay-opacity":"","overlay-gradient":""}},"footnotes":""},"class_list":["post-40","page","type-page","status-publish","hentry"],"aioseo_notices":[],"jetpack_sharing_enabled":true,"_links":{"self":[{"href":"https:\/\/www.scee.mx\/index.php\/wp-json\/wp\/v2\/pages\/40","targetHints":{"allow":["GET"]}}],"collection":[{"href":"https:\/\/www.scee.mx\/index.php\/wp-json\/wp\/v2\/pages"}],"about":[{"href":"https:\/\/www.scee.mx\/index.php\/wp-json\/wp\/v2\/types\/page"}],"author":[{"embeddable":true,"href":"https:\/\/www.scee.mx\/index.php\/wp-json\/wp\/v2\/users\/1"}],"replies":[{"embeddable":true,"href":"https:\/\/www.scee.mx\/index.php\/wp-json\/wp\/v2\/comments?post=40"}],"version-history":[{"count":28,"href":"https:\/\/www.scee.mx\/index.php\/wp-json\/wp\/v2\/pages\/40\/revisions"}],"predecessor-version":[{"id":700,"href":"https:\/\/www.scee.mx\/index.php\/wp-json\/wp\/v2\/pages\/40\/revisions\/700"}],"wp:attachment":[{"href":"https:\/\/www.scee.mx\/index.php\/wp-json\/wp\/v2\/media?parent=40"}],"curies":[{"name":"wp","href":"https:\/\/api.w.org\/{rel}","templated":true}]}}