{"id":44,"date":"2023-12-05T21:40:06","date_gmt":"2023-12-05T20:40:06","guid":{"rendered":"https:\/\/www.scee.mx\/?page_id=44"},"modified":"2024-06-21T14:14:20","modified_gmt":"2024-06-21T20:14:20","slug":"obra-civil","status":"publish","type":"page","link":"https:\/\/www.scee.mx\/index.php\/obra-civil\/","title":{"rendered":"Obra civil"},"content":{"rendered":"\t\t<div data-elementor-type=\"wp-page\" data-elementor-id=\"44\" class=\"elementor elementor-44\" data-elementor-post-type=\"page\">\n\t\t\t\t<div class=\"elementor-element elementor-element-d689777 e-flex e-con-boxed e-con e-parent\" data-id=\"d689777\" data-element_type=\"container\" data-settings=\"{&quot;background_background&quot;:&quot;classic&quot;}\">\n\t\t\t\t\t<div class=\"e-con-inner\">\n\t\t\t\t<div class=\"elementor-element elementor-element-6ad69b36 elementor-widget elementor-widget-spacer\" data-id=\"6ad69b36\" data-element_type=\"widget\" data-widget_type=\"spacer.default\">\n\t\t\t\t<div class=\"elementor-widget-container\">\n\t\t\t\t\t\t\t<div class=\"elementor-spacer\">\n\t\t\t<div class=\"elementor-spacer-inner\"><\/div>\n\t\t<\/div>\n\t\t\t\t\t\t<\/div>\n\t\t\t\t<\/div>\n\t\t\t\t<div class=\"elementor-element elementor-element-306dba45 elementor-widget elementor-widget-heading\" data-id=\"306dba45\" data-element_type=\"widget\" data-widget_type=\"heading.default\">\n\t\t\t\t<div class=\"elementor-widget-container\">\n\t\t\t\t\t<h2 class=\"elementor-heading-title elementor-size-default\">OBRA CIVIL<\/h2>\t\t\t\t<\/div>\n\t\t\t\t<\/div>\n\t\t\t\t<div class=\"elementor-element elementor-element-5744931f elementor-widget elementor-widget-spacer\" data-id=\"5744931f\" data-element_type=\"widget\" data-widget_type=\"spacer.default\">\n\t\t\t\t<div class=\"elementor-widget-container\">\n\t\t\t\t\t\t\t<div class=\"elementor-spacer\">\n\t\t\t<div class=\"elementor-spacer-inner\"><\/div>\n\t\t<\/div>\n\t\t\t\t\t\t<\/div>\n\t\t\t\t<\/div>\n\t\t\t\t\t<\/div>\n\t\t\t\t<\/div>\n\t\t<div class=\"elementor-element elementor-element-5774ade e-flex e-con-boxed e-con e-parent\" data-id=\"5774ade\" data-element_type=\"container\">\n\t\t\t\t\t<div class=\"e-con-inner\">\n\t\t\t\t<div class=\"elementor-element elementor-element-40aebec1 elementor-widget elementor-widget-spacer\" data-id=\"40aebec1\" data-element_type=\"widget\" data-widget_type=\"spacer.default\">\n\t\t\t\t<div class=\"elementor-widget-container\">\n\t\t\t\t\t\t\t<div class=\"elementor-spacer\">\n\t\t\t<div class=\"elementor-spacer-inner\"><\/div>\n\t\t<\/div>\n\t\t\t\t\t\t<\/div>\n\t\t\t\t<\/div>\n\t\t\t\t\t<\/div>\n\t\t\t\t<\/div>\n\t\t<div class=\"elementor-element elementor-element-2994017c e-flex e-con-boxed e-con e-parent\" data-id=\"2994017c\" data-element_type=\"container\">\n\t\t\t\t\t<div class=\"e-con-inner\">\n\t\t<div class=\"elementor-element elementor-element-45f694b0 e-con-full e-flex e-con e-child\" data-id=\"45f694b0\" data-element_type=\"container\">\n\t\t\t\t<div class=\"elementor-element elementor-element-46fce730 elementor-widget elementor-widget-image\" data-id=\"46fce730\" data-element_type=\"widget\" data-widget_type=\"image.default\">\n\t\t\t\t<div class=\"elementor-widget-container\">\n\t\t\t\t\t\t\t\t\t\t\t\t\t\t\t<img fetchpriority=\"high\" decoding=\"async\" width=\"1024\" height=\"682\" src=\"https:\/\/www.scee.mx\/wp-content\/uploads\/2023\/12\/cranes-gcbba21fab_1280-1024x682.webp\" class=\"attachment-large size-large wp-image-91\" alt=\"\" srcset=\"https:\/\/www.scee.mx\/wp-content\/uploads\/2023\/12\/cranes-gcbba21fab_1280-1024x682.webp 1024w, https:\/\/www.scee.mx\/wp-content\/uploads\/2023\/12\/cranes-gcbba21fab_1280-600x400.webp 600w, https:\/\/www.scee.mx\/wp-content\/uploads\/2023\/12\/cranes-gcbba21fab_1280-300x200.webp 300w, https:\/\/www.scee.mx\/wp-content\/uploads\/2023\/12\/cranes-gcbba21fab_1280-768x512.webp 768w, https:\/\/www.scee.mx\/wp-content\/uploads\/2023\/12\/cranes-gcbba21fab_1280.webp 1280w\" sizes=\"(max-width: 1024px) 100vw, 1024px\" \/>\t\t\t\t\t\t\t\t\t\t\t\t\t\t\t<\/div>\n\t\t\t\t<\/div>\n\t\t\t\t<\/div>\n\t\t<div class=\"elementor-element elementor-element-565a6d27 e-con-full e-flex e-con e-child\" data-id=\"565a6d27\" data-element_type=\"container\">\n\t\t\t\t<div class=\"elementor-element elementor-element-18eac62e elementor-widget elementor-widget-text-editor\" data-id=\"18eac62e\" data-element_type=\"widget\" data-widget_type=\"text-editor.default\">\n\t\t\t\t<div class=\"elementor-widget-container\">\n\t\t\t\t\t\t\t\t\t<p><span style=\"font-weight: 400;\">Obra civil b\u00e1sicamente es una estructura m\u00e1s o menos fija, que sigue un proceso determinado. A grandes rasgos, las fases de un proyecto civil ser\u00edan: idea del proyecto, estudio previo de viabilidad, anteproyecto, proyecto inform\u00e1tico, proyecto de ejecuci\u00f3n, licitaci\u00f3n, direcci\u00f3n y ejecuci\u00f3n de las obras.<\/span><\/p><h4><b>Funcionamiento<\/b><\/h4><p><span style=\"font-weight: 400;\">Idea del proyecto: identifica la necesidad o problema que el proyecto debe satisfacer o resolver.<\/span><\/p><h5><strong>Estudio previo de viabilidad:<\/strong><\/h5><p><span style=\"font-weight: 400;\">Comprueba que el proyecto sea realmente necesario, que sea t\u00e9cnica y econ\u00f3micamente viable, identifica posibles problemas de ejecuci\u00f3n, define posibles fuentes de financiaci\u00f3n.<\/span><\/p><h5><strong>Anteproyecto:<\/strong><\/h5><p><span style=\"font-weight: 400;\">Es un estudio m\u00e1s completo que el anterior. Busca hacer la formulaci\u00f3n b\u00e1sica del proyecto y definir sus objetivos, analiza los condicionantes del proyecto, eval\u00faa distintas soluciones y alternativas t\u00e9cnicas, esboza un dise\u00f1o general (a\u00fan sin especificaciones t\u00e9cnicas precisas), estima de forma precisa los costes, estudia la viabilidad econ\u00f3mica, define la financiaci\u00f3n, propone la estructura organizativa, administrativa y de gesti\u00f3n.<\/span><\/p><h5><strong>Proyecto informativo o proyecto b\u00e1sico:<\/strong><\/h5><p><span style=\"font-weight: 400;\">Profundiza los estudios de la fase anterior. Contienen el dise\u00f1o, en el que presenta las soluciones t\u00e9cnicas, planos de detalle, anexos t\u00e9cnicos, especificaciones, log\u00edstica, presupuesto detallado y firma del autor. Este documento est\u00e1 destinado a la exposici\u00f3n p\u00fablica; seg\u00fan las alegaciones recibidas, se modifica para dar lugar al proyecto definitivo de construcci\u00f3n.<\/span><\/p><p>\u00a0<\/p>\t\t\t\t\t\t\t\t<\/div>\n\t\t\t\t<\/div>\n\t\t\t\t<\/div>\n\t\t\t\t\t<\/div>\n\t\t\t\t<\/div>\n\t\t<div class=\"elementor-element elementor-element-4dc7c2e7 e-flex e-con-boxed e-con e-parent\" data-id=\"4dc7c2e7\" data-element_type=\"container\" data-settings=\"{&quot;background_background&quot;:&quot;classic&quot;}\">\n\t\t\t\t\t<div class=\"e-con-inner\">\n\t\t\t\t<div class=\"elementor-element elementor-element-61af1589 elementor-widget elementor-widget-spacer\" data-id=\"61af1589\" data-element_type=\"widget\" data-widget_type=\"spacer.default\">\n\t\t\t\t<div class=\"elementor-widget-container\">\n\t\t\t\t\t\t\t<div class=\"elementor-spacer\">\n\t\t\t<div class=\"elementor-spacer-inner\"><\/div>\n\t\t<\/div>\n\t\t\t\t\t\t<\/div>\n\t\t\t\t<\/div>\n\t\t\t\t\t<\/div>\n\t\t\t\t<\/div>\n\t\t<div class=\"elementor-element elementor-element-153e48d e-flex e-con-boxed e-con e-parent\" data-id=\"153e48d\" data-element_type=\"container\">\n\t\t\t\t\t<div class=\"e-con-inner\">\n\t\t<div class=\"elementor-element elementor-element-eaad813 e-con-full e-flex e-con e-child\" data-id=\"eaad813\" data-element_type=\"container\">\n\t\t\t\t<div class=\"elementor-element elementor-element-db9dcec elementor-hidden-desktop elementor-hidden-tablet elementor-widget elementor-widget-image\" data-id=\"db9dcec\" data-element_type=\"widget\" data-widget_type=\"image.default\">\n\t\t\t\t<div class=\"elementor-widget-container\">\n\t\t\t\t\t\t\t\t\t\t\t\t\t\t\t<img decoding=\"async\" width=\"700\" height=\"870\" src=\"https:\/\/www.scee.mx\/wp-content\/uploads\/2024\/02\/obra-civil-1.jpeg\" class=\"attachment-large size-large wp-image-673\" alt=\"\" srcset=\"https:\/\/www.scee.mx\/wp-content\/uploads\/2024\/02\/obra-civil-1.jpeg 700w, https:\/\/www.scee.mx\/wp-content\/uploads\/2024\/02\/obra-civil-1-241x300.jpeg 241w, https:\/\/www.scee.mx\/wp-content\/uploads\/2024\/02\/obra-civil-1-600x746.jpeg 600w\" sizes=\"(max-width: 700px) 100vw, 700px\" \/>\t\t\t\t\t\t\t\t\t\t\t\t\t\t\t<\/div>\n\t\t\t\t<\/div>\n\t\t\t\t<div class=\"elementor-element elementor-element-8661aa1 elementor-widget elementor-widget-text-editor\" data-id=\"8661aa1\" data-element_type=\"widget\" data-widget_type=\"text-editor.default\">\n\t\t\t\t<div class=\"elementor-widget-container\">\n\t\t\t\t\t\t\t\t\t<h5><strong>Proyecto de construcci\u00f3n o proyecto de ejecuci\u00f3n:<\/strong><\/h5><p><span style=\"font-weight: 400;\">Es el proyecto informativo o b\u00e1sico con los ajustes pertinentes. Adem\u00e1s, contiene el visado colegial, en caso de ser necesario.<\/span><\/p><h5><strong>Licitaci\u00f3n:<\/strong><\/h5><p><span style=\"font-weight: 400;\">El proyecto va a licitaci\u00f3n o concurso para determinar qui\u00e9n ejecuta la obra.<\/span><\/p><h5><strong>Direcci\u00f3n y ejecuci\u00f3n de las obras:<\/strong><\/h5><p><span style=\"font-weight: 400;\">Es la fase de construcci\u00f3n efectiva de la obra, que concluye una vez que \u00e9sta se entrega.<\/span><\/p><h4><span style=\"color: #000000;\"><b>Servicios integrados<\/b><\/span><\/h4><ul><li style=\"font-weight: 400;\" aria-level=\"1\"><span style=\"font-weight: 400; color: #000000;\">Cotizaciones.<\/span><\/li><li style=\"font-weight: 400;\" aria-level=\"1\"><span style=\"font-weight: 400; color: #000000;\">Suministro de materiales.<\/span><\/li><li style=\"font-weight: 400;\" aria-level=\"1\"><span style=\"font-weight: 400; color: #000000;\">Suministro de mano de obra.<\/span><\/li><li style=\"font-weight: 400;\" aria-level=\"1\"><span style=\"font-weight: 400; color: #000000;\">Limpieza.<\/span><\/li><li style=\"font-weight: 400;\" aria-level=\"1\"><span style=\"font-weight: 400; color: #000000;\">Trabajo de calidad.<\/span><\/li><\/ul>\t\t\t\t\t\t\t\t<\/div>\n\t\t\t\t<\/div>\n\t\t\t\t<\/div>\n\t\t<div class=\"elementor-element elementor-element-995facc e-con-full e-flex e-con e-child\" data-id=\"995facc\" data-element_type=\"container\">\n\t\t\t\t<div class=\"elementor-element elementor-element-1217f7d elementor-hidden-mobile elementor-widget elementor-widget-image\" data-id=\"1217f7d\" data-element_type=\"widget\" data-widget_type=\"image.default\">\n\t\t\t\t<div class=\"elementor-widget-container\">\n\t\t\t\t\t\t\t\t\t\t\t\t\t\t\t<img decoding=\"async\" width=\"700\" height=\"870\" src=\"https:\/\/www.scee.mx\/wp-content\/uploads\/2024\/02\/obra-civil-1.jpeg\" class=\"attachment-large size-large wp-image-673\" alt=\"\" srcset=\"https:\/\/www.scee.mx\/wp-content\/uploads\/2024\/02\/obra-civil-1.jpeg 700w, https:\/\/www.scee.mx\/wp-content\/uploads\/2024\/02\/obra-civil-1-241x300.jpeg 241w, https:\/\/www.scee.mx\/wp-content\/uploads\/2024\/02\/obra-civil-1-600x746.jpeg 600w\" sizes=\"(max-width: 700px) 100vw, 700px\" \/>\t\t\t\t\t\t\t\t\t\t\t\t\t\t\t<\/div>\n\t\t\t\t<\/div>\n\t\t\t\t<\/div>\n\t\t\t\t\t<\/div>\n\t\t\t\t<\/div>\n\t\t<div class=\"elementor-element elementor-element-52888331 e-flex e-con-boxed e-con e-parent\" data-id=\"52888331\" data-element_type=\"container\">\n\t\t\t\t\t<div class=\"e-con-inner\">\n\t\t<div class=\"elementor-element elementor-element-4c1310d3 e-con-full e-flex e-con e-child\" data-id=\"4c1310d3\" data-element_type=\"container\">\n\t\t\t\t<\/div>\n\t\t<div class=\"elementor-element elementor-element-59d01606 e-con-full e-flex e-con e-child\" data-id=\"59d01606\" data-element_type=\"container\">\n\t\t\t\t<div class=\"elementor-element elementor-element-1709e562 elementor-align-justify elementor-widget elementor-widget-button\" data-id=\"1709e562\" data-element_type=\"widget\" data-widget_type=\"button.default\">\n\t\t\t\t<div class=\"elementor-widget-container\">\n\t\t\t\t\t\t\t\t\t<div class=\"elementor-button-wrapper\">\n\t\t\t\t\t<a class=\"elementor-button elementor-button-link elementor-size-sm\" href=\"http:\/\/wa.me\/2223931742\">\n\t\t\t\t\t\t<span class=\"elementor-button-content-wrapper\">\n\t\t\t\t\t\t\t\t\t<span class=\"elementor-button-text\">Agenda tu acesor\u00eda<\/span>\n\t\t\t\t\t<\/span>\n\t\t\t\t\t<\/a>\n\t\t\t\t<\/div>\n\t\t\t\t\t\t\t\t<\/div>\n\t\t\t\t<\/div>\n\t\t\t\t<\/div>\n\t\t<div class=\"elementor-element elementor-element-7af9c4cd e-con-full e-flex e-con e-child\" data-id=\"7af9c4cd\" data-element_type=\"container\">\n\t\t\t\t<\/div>\n\t\t\t\t\t<\/div>\n\t\t\t\t<\/div>\n\t\t\t\t<\/div>\n\t\t","protected":false},"excerpt":{"rendered":"<p>OBRA CIVIL Obra civil b\u00e1sicamente es una estructura m\u00e1s o menos fija, que sigue un proceso determinado. A grandes rasgos, las fases de un proyecto civil ser\u00edan: idea del proyecto, estudio previo de viabilidad, anteproyecto, proyecto inform\u00e1tico, proyecto de ejecuci\u00f3n, licitaci\u00f3n, direcci\u00f3n y ejecuci\u00f3n de las obras. Funcionamiento Idea del proyecto: identifica la necesidad o [&hellip;]<\/p>\n","protected":false},"author":1,"featured_media":0,"parent":0,"menu_order":0,"comment_status":"closed","ping_status":"closed","template":"","meta":{"om_disable_all_campaigns":false,"_monsterinsights_skip_tracking":false,"_monsterinsights_sitenote_active":false,"_monsterinsights_sitenote_note":"","_monsterinsights_sitenote_category":0,"site-sidebar-layout":"no-sidebar","site-content-layout":"","ast-site-content-layout":"full-width-container","site-content-style":"default","site-sidebar-style":"default","ast-global-header-display":"","ast-banner-title-visibility":"","ast-main-header-display":"","ast-hfb-above-header-display":"","ast-hfb-below-header-display":"","ast-hfb-mobile-header-display":"","site-post-title":"disabled","ast-breadcrumbs-content":"","ast-featured-img":"disabled","footer-sml-layout":"","ast-disable-related-posts":"","theme-transparent-header-meta":"","adv-header-id-meta":"","stick-header-meta":"","header-above-stick-meta":"","header-main-stick-meta":"","header-below-stick-meta":"","astra-migrate-meta-layouts":"default","ast-page-background-enabled":"default","ast-page-background-meta":{"desktop":{"background-color":"var(--ast-global-color-4)","background-image":"","background-repeat":"repeat","background-position":"center center","background-size":"auto","background-attachment":"scroll","background-type":"","background-media":"","overlay-type":"","overlay-color":"","overlay-opacity":"","overlay-gradient":""},"tablet":{"background-color":"","background-image":"","background-repeat":"repeat","background-position":"center center","background-size":"auto","background-attachment":"scroll","background-type":"","background-media":"","overlay-type":"","overlay-color":"","overlay-opacity":"","overlay-gradient":""},"mobile":{"background-color":"","background-image":"","background-repeat":"repeat","background-position":"center center","background-size":"auto","background-attachment":"scroll","background-type":"","background-media":"","overlay-type":"","overlay-color":"","overlay-opacity":"","overlay-gradient":""}},"ast-content-background-meta":{"desktop":{"background-color":"var(--ast-global-color-5)","background-image":"","background-repeat":"repeat","background-position":"center center","background-size":"auto","background-attachment":"scroll","background-type":"","background-media":"","overlay-type":"","overlay-color":"","overlay-opacity":"","overlay-gradient":""},"tablet":{"background-color":"var(--ast-global-color-5)","background-image":"","background-repeat":"repeat","background-position":"center center","background-size":"auto","background-attachment":"scroll","background-type":"","background-media":"","overlay-type":"","overlay-color":"","overlay-opacity":"","overlay-gradient":""},"mobile":{"background-color":"var(--ast-global-color-5)","background-image":"","background-repeat":"repeat","background-position":"center center","background-size":"auto","background-attachment":"scroll","background-type":"","background-media":"","overlay-type":"","overlay-color":"","overlay-opacity":"","overlay-gradient":""}},"footnotes":""},"class_list":["post-44","page","type-page","status-publish","hentry"],"aioseo_notices":[],"jetpack_sharing_enabled":true,"_links":{"self":[{"href":"https:\/\/www.scee.mx\/index.php\/wp-json\/wp\/v2\/pages\/44","targetHints":{"allow":["GET"]}}],"collection":[{"href":"https:\/\/www.scee.mx\/index.php\/wp-json\/wp\/v2\/pages"}],"about":[{"href":"https:\/\/www.scee.mx\/index.php\/wp-json\/wp\/v2\/types\/page"}],"author":[{"embeddable":true,"href":"https:\/\/www.scee.mx\/index.php\/wp-json\/wp\/v2\/users\/1"}],"replies":[{"embeddable":true,"href":"https:\/\/www.scee.mx\/index.php\/wp-json\/wp\/v2\/comments?post=44"}],"version-history":[{"count":19,"href":"https:\/\/www.scee.mx\/index.php\/wp-json\/wp\/v2\/pages\/44\/revisions"}],"predecessor-version":[{"id":706,"href":"https:\/\/www.scee.mx\/index.php\/wp-json\/wp\/v2\/pages\/44\/revisions\/706"}],"wp:attachment":[{"href":"https:\/\/www.scee.mx\/index.php\/wp-json\/wp\/v2\/media?parent=44"}],"curies":[{"name":"wp","href":"https:\/\/api.w.org\/{rel}","templated":true}]}}