{"id":48,"date":"2023-12-05T21:40:37","date_gmt":"2023-12-05T20:40:37","guid":{"rendered":"https:\/\/www.scee.mx\/?page_id=48"},"modified":"2024-06-21T14:17:07","modified_gmt":"2024-06-21T20:17:07","slug":"instalacion-mecanica","status":"publish","type":"page","link":"https:\/\/www.scee.mx\/index.php\/instalacion-mecanica\/","title":{"rendered":"Instalaci\u00f3n mec\u00e1nica"},"content":{"rendered":"\t\t<div data-elementor-type=\"wp-page\" data-elementor-id=\"48\" class=\"elementor elementor-48\" data-elementor-post-type=\"page\">\n\t\t\t\t<div class=\"elementor-element elementor-element-344831d1 e-flex e-con-boxed e-con e-parent\" data-id=\"344831d1\" data-element_type=\"container\" data-settings=\"{&quot;background_background&quot;:&quot;classic&quot;}\">\n\t\t\t\t\t<div class=\"e-con-inner\">\n\t\t\t\t<div class=\"elementor-element elementor-element-8fca244 elementor-widget elementor-widget-spacer\" data-id=\"8fca244\" data-element_type=\"widget\" data-widget_type=\"spacer.default\">\n\t\t\t\t<div class=\"elementor-widget-container\">\n\t\t\t\t\t\t\t<div class=\"elementor-spacer\">\n\t\t\t<div class=\"elementor-spacer-inner\"><\/div>\n\t\t<\/div>\n\t\t\t\t\t\t<\/div>\n\t\t\t\t<\/div>\n\t\t\t\t<div class=\"elementor-element elementor-element-5b7ffa4c elementor-widget elementor-widget-heading\" data-id=\"5b7ffa4c\" data-element_type=\"widget\" data-widget_type=\"heading.default\">\n\t\t\t\t<div class=\"elementor-widget-container\">\n\t\t\t\t\t<h2 class=\"elementor-heading-title elementor-size-default\">INSTALACI\u00d3N MEC\u00c1NICA<\/h2>\t\t\t\t<\/div>\n\t\t\t\t<\/div>\n\t\t\t\t<div class=\"elementor-element elementor-element-55dec65c elementor-widget elementor-widget-spacer\" data-id=\"55dec65c\" data-element_type=\"widget\" data-widget_type=\"spacer.default\">\n\t\t\t\t<div class=\"elementor-widget-container\">\n\t\t\t\t\t\t\t<div class=\"elementor-spacer\">\n\t\t\t<div class=\"elementor-spacer-inner\"><\/div>\n\t\t<\/div>\n\t\t\t\t\t\t<\/div>\n\t\t\t\t<\/div>\n\t\t\t\t\t<\/div>\n\t\t\t\t<\/div>\n\t\t<div class=\"elementor-element elementor-element-42370071 e-flex e-con-boxed e-con e-parent\" data-id=\"42370071\" data-element_type=\"container\">\n\t\t\t\t\t<div class=\"e-con-inner\">\n\t\t\t\t<div class=\"elementor-element elementor-element-78dbe1c6 elementor-widget elementor-widget-spacer\" data-id=\"78dbe1c6\" data-element_type=\"widget\" data-widget_type=\"spacer.default\">\n\t\t\t\t<div class=\"elementor-widget-container\">\n\t\t\t\t\t\t\t<div class=\"elementor-spacer\">\n\t\t\t<div class=\"elementor-spacer-inner\"><\/div>\n\t\t<\/div>\n\t\t\t\t\t\t<\/div>\n\t\t\t\t<\/div>\n\t\t\t\t\t<\/div>\n\t\t\t\t<\/div>\n\t\t<div class=\"elementor-element elementor-element-6e3438f2 e-flex e-con-boxed e-con e-parent\" data-id=\"6e3438f2\" data-element_type=\"container\">\n\t\t\t\t\t<div class=\"e-con-inner\">\n\t\t<div class=\"elementor-element elementor-element-232f3cb4 e-con-full e-flex e-con e-child\" data-id=\"232f3cb4\" data-element_type=\"container\">\n\t\t\t\t<div class=\"elementor-element elementor-element-71964764 elementor-widget elementor-widget-image\" data-id=\"71964764\" data-element_type=\"widget\" data-widget_type=\"image.default\">\n\t\t\t\t<div class=\"elementor-widget-container\">\n\t\t\t\t\t\t\t\t\t\t\t\t\t\t\t<img fetchpriority=\"high\" decoding=\"async\" width=\"500\" height=\"494\" src=\"https:\/\/www.scee.mx\/wp-content\/uploads\/2024\/02\/unnamed.jpeg\" class=\"attachment-large size-large wp-image-663\" alt=\"\" srcset=\"https:\/\/www.scee.mx\/wp-content\/uploads\/2024\/02\/unnamed.jpeg 500w, https:\/\/www.scee.mx\/wp-content\/uploads\/2024\/02\/unnamed-300x296.jpeg 300w, https:\/\/www.scee.mx\/wp-content\/uploads\/2024\/02\/unnamed-100x100.jpeg 100w\" sizes=\"(max-width: 500px) 100vw, 500px\" \/>\t\t\t\t\t\t\t\t\t\t\t\t\t\t\t<\/div>\n\t\t\t\t<\/div>\n\t\t\t\t<\/div>\n\t\t<div class=\"elementor-element elementor-element-2895e952 e-con-full e-flex e-con e-child\" data-id=\"2895e952\" data-element_type=\"container\">\n\t\t\t\t<div class=\"elementor-element elementor-element-5cdd5e18 elementor-widget elementor-widget-text-editor\" data-id=\"5cdd5e18\" data-element_type=\"widget\" data-widget_type=\"text-editor.default\">\n\t\t\t\t<div class=\"elementor-widget-container\">\n\t\t\t\t\t\t\t\t\t<p><span style=\"font-weight: 400; color: #000000;\">Hay una serie de factores que deben tenerse en cuenta en cuanto a las instalaciones de instalaci\u00f3n mec\u00e1nica b\u00e1sica de las empresas y c\u00f3mo abordarlas. Estos factores incluyen cu\u00e1n integrada est\u00e1 la instalaci\u00f3n mec\u00e1nica con el negocio y su impacto ambiental. Independientemente de estos factores, es importante desde la oferta inicial de la instalaci\u00f3n mec\u00e1nica hasta el dise\u00f1o, la instalaci\u00f3n, la presentaci\u00f3n profesional de la \u00faltima tecnolog\u00eda y experiencia, y la gesti\u00f3n del ciclo de vida postventa. Por esta raz\u00f3n, es beneficioso obtener servicios profesionales que incluyen servicios de seguridad, costo, tiempo, operaci\u00f3n y mantenimiento antes, durante y despu\u00e9s de las instalaciones mec\u00e1nicas.<\/span><\/p><h4><span style=\"color: #000000;\"><strong>Funcionamiento<\/strong><\/span><\/h4><p><span style=\"font-weight: 400; color: #000000;\">En general, todas las actividades que entran en el \u00e1mbito de la ingenier\u00eda mec\u00e1nica en las obras de construcci\u00f3n se denominan instalaciones mec\u00e1nicas. En las actividades de construcci\u00f3n se incluyen en el \u00e1rea de trabajo de instalaci\u00f3n mec\u00e1nica todos los componentes que conforman el sistema interior del edificio, que est\u00e1n hechos para incrementar el nivel de vida y el confort de las personas. En otras palabras, es una rama de la ingenier\u00eda en el campo de la ingenier\u00eda mec\u00e1nica.<\/span><\/p><p><span style=\"font-weight: 400; color: #000000;\">Un servicio confiable y profesional significa evaluaciones de riesgos adecuadas. De esta forma, las empresas obtienen un entorno seguro durante la instalaci\u00f3n de cualquier instalaci\u00f3n mec\u00e1nica. Adem\u00e1s, la instalaci\u00f3n mec\u00e1nica cumple con las regulaciones legales y los criterios est\u00e1ndares nacionales y extranjeros relevantes.<\/span><\/p><p><span style=\"font-weight: 400; color: #000000;\">Disponemos de procedimientos y soldadores homologados para realizar soldaduras especiales con distintos materiales. Realizamos montajes de todo tipo de tuber\u00edas: pl\u00e1sticas, acero al carbono, acero inoxidable, D\u00faplex, S\u00faper D\u00faplex, AISI 904l, etc. Realizamos el montaje de tanques pulm\u00f3n, bases pesadas y estructuras de cualquier tipo.<\/span><\/p><h4><span style=\"color: #000000;\"><b>Servicios integrados<\/b><\/span><\/h4><ul><li style=\"font-weight: 400;\" aria-level=\"1\"><span style=\"font-weight: 400; color: #000000;\">Cotizaciones.<\/span><\/li><li style=\"font-weight: 400;\" aria-level=\"1\"><span style=\"font-weight: 400; color: #000000;\">Suministro de materiales.<\/span><\/li><li style=\"font-weight: 400;\" aria-level=\"1\"><span style=\"font-weight: 400; color: #000000;\">Suministro de mano de obra.<\/span><\/li><li style=\"font-weight: 400;\" aria-level=\"1\"><span style=\"font-weight: 400; color: #000000;\">Limpieza.<\/span><\/li><li style=\"font-weight: 400;\" aria-level=\"1\"><span style=\"font-weight: 400; color: #000000;\">Trabajo de calidad.<\/span><\/li><\/ul>\t\t\t\t\t\t\t\t<\/div>\n\t\t\t\t<\/div>\n\t\t\t\t<\/div>\n\t\t\t\t\t<\/div>\n\t\t\t\t<\/div>\n\t\t<div class=\"elementor-element elementor-element-10ad0869 e-flex e-con-boxed e-con e-parent\" data-id=\"10ad0869\" data-element_type=\"container\" data-settings=\"{&quot;background_background&quot;:&quot;classic&quot;}\">\n\t\t\t\t\t<div class=\"e-con-inner\">\n\t\t\t\t<div class=\"elementor-element elementor-element-545a579 elementor-widget elementor-widget-spacer\" data-id=\"545a579\" data-element_type=\"widget\" data-widget_type=\"spacer.default\">\n\t\t\t\t<div class=\"elementor-widget-container\">\n\t\t\t\t\t\t\t<div class=\"elementor-spacer\">\n\t\t\t<div class=\"elementor-spacer-inner\"><\/div>\n\t\t<\/div>\n\t\t\t\t\t\t<\/div>\n\t\t\t\t<\/div>\n\t\t\t\t\t<\/div>\n\t\t\t\t<\/div>\n\t\t<div class=\"elementor-element elementor-element-17b81830 e-flex e-con-boxed e-con e-parent\" data-id=\"17b81830\" data-element_type=\"container\">\n\t\t\t\t\t<div class=\"e-con-inner\">\n\t\t<div class=\"elementor-element elementor-element-59a6d21e e-con-full e-flex e-con e-child\" data-id=\"59a6d21e\" data-element_type=\"container\">\n\t\t\t\t<\/div>\n\t\t<div class=\"elementor-element elementor-element-3b49366a e-con-full e-flex e-con e-child\" data-id=\"3b49366a\" data-element_type=\"container\">\n\t\t\t\t<div class=\"elementor-element elementor-element-59d27971 elementor-align-justify elementor-widget elementor-widget-button\" data-id=\"59d27971\" data-element_type=\"widget\" data-widget_type=\"button.default\">\n\t\t\t\t<div class=\"elementor-widget-container\">\n\t\t\t\t\t\t\t\t\t<div class=\"elementor-button-wrapper\">\n\t\t\t\t\t<a class=\"elementor-button elementor-button-link elementor-size-sm\" href=\"http:\/\/wa.me\/2223931742\">\n\t\t\t\t\t\t<span class=\"elementor-button-content-wrapper\">\n\t\t\t\t\t\t\t\t\t<span class=\"elementor-button-text\">Agenda tu acesor\u00eda<\/span>\n\t\t\t\t\t<\/span>\n\t\t\t\t\t<\/a>\n\t\t\t\t<\/div>\n\t\t\t\t\t\t\t\t<\/div>\n\t\t\t\t<\/div>\n\t\t\t\t<\/div>\n\t\t<div class=\"elementor-element elementor-element-187d2086 e-con-full e-flex e-con e-child\" data-id=\"187d2086\" data-element_type=\"container\">\n\t\t\t\t<\/div>\n\t\t\t\t\t<\/div>\n\t\t\t\t<\/div>\n\t\t\t\t<\/div>\n\t\t","protected":false},"excerpt":{"rendered":"<p>INSTALACI\u00d3N MEC\u00c1NICA Hay una serie de factores que deben tenerse en cuenta en cuanto a las instalaciones de instalaci\u00f3n mec\u00e1nica b\u00e1sica de las empresas y c\u00f3mo abordarlas. Estos factores incluyen cu\u00e1n integrada est\u00e1 la instalaci\u00f3n mec\u00e1nica con el negocio y su impacto ambiental. Independientemente de estos factores, es importante desde la oferta inicial de la [&hellip;]<\/p>\n","protected":false},"author":1,"featured_media":0,"parent":0,"menu_order":0,"comment_status":"closed","ping_status":"closed","template":"elementor_header_footer","meta":{"om_disable_all_campaigns":false,"_monsterinsights_skip_tracking":false,"_monsterinsights_sitenote_active":false,"_monsterinsights_sitenote_note":"","_monsterinsights_sitenote_category":0,"site-sidebar-layout":"no-sidebar","site-content-layout":"","ast-site-content-layout":"full-width-container","site-content-style":"default","site-sidebar-style":"default","ast-global-header-display":"","ast-banner-title-visibility":"","ast-main-header-display":"","ast-hfb-above-header-display":"","ast-hfb-below-header-display":"","ast-hfb-mobile-header-display":"","site-post-title":"disabled","ast-breadcrumbs-content":"","ast-featured-img":"disabled","footer-sml-layout":"","ast-disable-related-posts":"","theme-transparent-header-meta":"","adv-header-id-meta":"","stick-header-meta":"","header-above-stick-meta":"","header-main-stick-meta":"","header-below-stick-meta":"","astra-migrate-meta-layouts":"default","ast-page-background-enabled":"default","ast-page-background-meta":{"desktop":{"background-color":"var(--ast-global-color-4)","background-image":"","background-repeat":"repeat","background-position":"center center","background-size":"auto","background-attachment":"scroll","background-type":"","background-media":"","overlay-type":"","overlay-color":"","overlay-opacity":"","overlay-gradient":""},"tablet":{"background-color":"","background-image":"","background-repeat":"repeat","background-position":"center center","background-size":"auto","background-attachment":"scroll","background-type":"","background-media":"","overlay-type":"","overlay-color":"","overlay-opacity":"","overlay-gradient":""},"mobile":{"background-color":"","background-image":"","background-repeat":"repeat","background-position":"center center","background-size":"auto","background-attachment":"scroll","background-type":"","background-media":"","overlay-type":"","overlay-color":"","overlay-opacity":"","overlay-gradient":""}},"ast-content-background-meta":{"desktop":{"background-color":"var(--ast-global-color-5)","background-image":"","background-repeat":"repeat","background-position":"center center","background-size":"auto","background-attachment":"scroll","background-type":"","background-media":"","overlay-type":"","overlay-color":"","overlay-opacity":"","overlay-gradient":""},"tablet":{"background-color":"var(--ast-global-color-5)","background-image":"","background-repeat":"repeat","background-position":"center center","background-size":"auto","background-attachment":"scroll","background-type":"","background-media":"","overlay-type":"","overlay-color":"","overlay-opacity":"","overlay-gradient":""},"mobile":{"background-color":"var(--ast-global-color-5)","background-image":"","background-repeat":"repeat","background-position":"center center","background-size":"auto","background-attachment":"scroll","background-type":"","background-media":"","overlay-type":"","overlay-color":"","overlay-opacity":"","overlay-gradient":""}},"footnotes":""},"class_list":["post-48","page","type-page","status-publish","hentry"],"aioseo_notices":[],"jetpack_sharing_enabled":true,"_links":{"self":[{"href":"https:\/\/www.scee.mx\/index.php\/wp-json\/wp\/v2\/pages\/48","targetHints":{"allow":["GET"]}}],"collection":[{"href":"https:\/\/www.scee.mx\/index.php\/wp-json\/wp\/v2\/pages"}],"about":[{"href":"https:\/\/www.scee.mx\/index.php\/wp-json\/wp\/v2\/types\/page"}],"author":[{"embeddable":true,"href":"https:\/\/www.scee.mx\/index.php\/wp-json\/wp\/v2\/users\/1"}],"replies":[{"embeddable":true,"href":"https:\/\/www.scee.mx\/index.php\/wp-json\/wp\/v2\/comments?post=48"}],"version-history":[{"count":17,"href":"https:\/\/www.scee.mx\/index.php\/wp-json\/wp\/v2\/pages\/48\/revisions"}],"predecessor-version":[{"id":712,"href":"https:\/\/www.scee.mx\/index.php\/wp-json\/wp\/v2\/pages\/48\/revisions\/712"}],"wp:attachment":[{"href":"https:\/\/www.scee.mx\/index.php\/wp-json\/wp\/v2\/media?parent=48"}],"curies":[{"name":"wp","href":"https:\/\/api.w.org\/{rel}","templated":true}]}}