{"id":531,"date":"2024-02-16T00:31:48","date_gmt":"2024-02-15T23:31:48","guid":{"rendered":"https:\/\/www.scee.mx\/?post_type=product&#038;p=531"},"modified":"2024-02-16T01:02:21","modified_gmt":"2024-02-16T00:02:21","slug":"martillo-demoledor-dewalt","status":"publish","type":"product","link":"https:\/\/www.scee.mx\/index.php\/producto\/martillo-demoledor-dewalt\/","title":{"rendered":"Martillo Demoledor Dewalt"},"content":{"rendered":"<p>Complete aplicaciones de demolici\u00f3n pesado con el Matillo Demoledor 1-1\/8&#8243; (28mm) HEX de 30 Kgs. Dise\u00f1ado con un mecanismo confiable de ingenier\u00eda Alemana y 35J de energ\u00eda de impacto, esta herramienta de alto rendimiento fue dise\u00f1ada para trabajos desafiantes donde se necesita gran potencia. Con SHOCKS\u00ae Control Activo de la Vibraci\u00f3n, esta herramienta es ideal para excavar zanjas en pisos, romper escaleras, crear aberturas en pozos, romper asfalto y aflojar\/romper superficies duras.<\/p>\n<ul class=\"feature-ul\">\n<li class=\"feature-list-li\">62J DE ENERG\u00cdA DE IMPACTO (EPTA 05\/2009): Para las aplicaciones de demolici\u00f3n en concreto m\u00e1s demandantes<\/li>\n<li class=\"feature-list-li\">POTENTE MOTOR DE 2100W: Entrega la potencia necesaria para las aplicaciones m\u00e1s duras<\/li>\n<li class=\"feature-list-li\">GOLPES POR MINUTO: 960<\/li>\n<li class=\"additional-feature-list-li\">VELOCIDAD SIN CARGA: 145-290 RPM<\/li>\n<li class=\"additional-feature-list-li\">SHOCKS\u2122: Control Activo de la Vibraci\u00f3n parte del Sistema PERFORM &amp; PROTECT\u2122, reduce la vibraci\u00f3n para mayor comodidad de agarre y productividad<\/li>\n<li class=\"additional-feature-list-li\">MEDICI\u00d3N DE VIBRACI\u00d3N: 4.8 m\/s2. Prot\u00e9ge al usuario de los efectos de la vibraci\u00f3n, para hacer mas r\u00e1pido el trabajo con menos fatiga<\/li>\n<li class=\"additional-feature-list-li\">EMPU\u00d1ADURAS RECUBIERTAS DE GOMA: Para mayor comodidad en usos prolongados<\/li>\n<li class=\"additional-feature-list-li\">PESO DE LA HERRAMIENTA:68 Lbs (31 Kgs)<\/li>\n<li class=\"additional-feature-list-li\">Romper Pisos de concreto, paso de ductos, calzadas, pavimento y cimientos. Excavaci\u00f3n para reparaciones y acceso a tuber\u00edas y drenajes. Compactar y Apisonar<\/li>\n<\/ul>\n","protected":false},"excerpt":{"rendered":"<p>Complete aplicaciones de demolici\u00f3n pesado con el Matillo Demoledor 1-1\/8&#8243; (28mm) HEX de 30 Kgs. Dise\u00f1ado con un mecanismo confiable de ingenier\u00eda Alemana y 35J de energ\u00eda de impacto, esta herramienta de alto rendimiento fue dise\u00f1ada para trabajos desafiantes donde se necesita gran potencia. Con SHOCKS\u00ae Control Activo de la Vibraci\u00f3n, esta herramienta es ideal [&hellip;]<\/p>\n","protected":false},"featured_media":532,"comment_status":"open","ping_status":"closed","template":"","meta":{"om_disable_all_campaigns":false,"_monsterinsights_skip_tracking":false,"_monsterinsights_sitenote_active":false,"_monsterinsights_sitenote_note":"","_monsterinsights_sitenote_category":0,"site-sidebar-layout":"default","site-content-layout":"","ast-site-content-layout":"default","site-content-style":"default","site-sidebar-style":"default","ast-global-header-display":"","ast-banner-title-visibility":"","ast-main-header-display":"","ast-hfb-above-header-display":"","ast-hfb-below-header-display":"","ast-hfb-mobile-header-display":"","site-post-title":"","ast-breadcrumbs-content":"","ast-featured-img":"","footer-sml-layout":"","ast-disable-related-posts":"","theme-transparent-header-meta":"default","adv-header-id-meta":"","stick-header-meta":"","header-above-stick-meta":"","header-main-stick-meta":"","header-below-stick-meta":"","astra-migrate-meta-layouts":"set","ast-page-background-enabled":"default","ast-page-background-meta":{"desktop":{"background-color":"var(--ast-global-color-4)","background-image":"","background-repeat":"repeat","background-position":"center center","background-size":"auto","background-attachment":"scroll","background-type":"","background-media":"","overlay-type":"","overlay-color":"","overlay-opacity":"","overlay-gradient":""},"tablet":{"background-color":"","background-image":"","background-repeat":"repeat","background-position":"center center","background-size":"auto","background-attachment":"scroll","background-type":"","background-media":"","overlay-type":"","overlay-color":"","overlay-opacity":"","overlay-gradient":""},"mobile":{"background-color":"","background-image":"","background-repeat":"repeat","background-position":"center center","background-size":"auto","background-attachment":"scroll","background-type":"","background-media":"","overlay-type":"","overlay-color":"","overlay-opacity":"","overlay-gradient":""}},"ast-content-background-meta":{"desktop":{"background-color":"var(--ast-global-color-5)","background-image":"","background-repeat":"repeat","background-position":"center center","background-size":"auto","background-attachment":"scroll","background-type":"","background-media":"","overlay-type":"","overlay-color":"","overlay-opacity":"","overlay-gradient":""},"tablet":{"background-color":"var(--ast-global-color-5)","background-image":"","background-repeat":"repeat","background-position":"center center","background-size":"auto","background-attachment":"scroll","background-type":"","background-media":"","overlay-type":"","overlay-color":"","overlay-opacity":"","overlay-gradient":""},"mobile":{"background-color":"var(--ast-global-color-5)","background-image":"","background-repeat":"repeat","background-position":"center center","background-size":"auto","background-attachment":"scroll","background-type":"","background-media":"","overlay-type":"","overlay-color":"","overlay-opacity":"","overlay-gradient":""}}},"product_brand":[],"product_cat":[30],"product_tag":[],"class_list":{"0":"post-531","1":"product","2":"type-product","3":"status-publish","4":"has-post-thumbnail","6":"product_cat-renta-de-equipo","7":"desktop-align-left","8":"tablet-align-left","9":"mobile-align-left","11":"first","12":"instock","13":"shipping-taxable","14":"purchasable","15":"product-type-simple"},"aioseo_notices":[],"jetpack_sharing_enabled":true,"_links":{"self":[{"href":"https:\/\/www.scee.mx\/index.php\/wp-json\/wp\/v2\/product\/531","targetHints":{"allow":["GET"]}}],"collection":[{"href":"https:\/\/www.scee.mx\/index.php\/wp-json\/wp\/v2\/product"}],"about":[{"href":"https:\/\/www.scee.mx\/index.php\/wp-json\/wp\/v2\/types\/product"}],"replies":[{"embeddable":true,"href":"https:\/\/www.scee.mx\/index.php\/wp-json\/wp\/v2\/comments?post=531"}],"wp:featuredmedia":[{"embeddable":true,"href":"https:\/\/www.scee.mx\/index.php\/wp-json\/wp\/v2\/media\/532"}],"wp:attachment":[{"href":"https:\/\/www.scee.mx\/index.php\/wp-json\/wp\/v2\/media?parent=531"}],"wp:term":[{"taxonomy":"product_brand","embeddable":true,"href":"https:\/\/www.scee.mx\/index.php\/wp-json\/wp\/v2\/product_brand?post=531"},{"taxonomy":"product_cat","embeddable":true,"href":"https:\/\/www.scee.mx\/index.php\/wp-json\/wp\/v2\/product_cat?post=531"},{"taxonomy":"product_tag","embeddable":true,"href":"https:\/\/www.scee.mx\/index.php\/wp-json\/wp\/v2\/product_tag?post=531"}],"curies":[{"name":"wp","href":"https:\/\/api.w.org\/{rel}","templated":true}]}}