{"id":534,"date":"2024-02-16T00:36:24","date_gmt":"2024-02-15T23:36:24","guid":{"rendered":"https:\/\/www.scee.mx\/?post_type=product&#038;p=534"},"modified":"2024-02-16T01:01:34","modified_gmt":"2024-02-16T00:01:34","slug":"bailarina-compactadora","status":"publish","type":"product","link":"https:\/\/www.scee.mx\/index.php\/producto\/bailarina-compactadora\/","title":{"rendered":"Bailarina compactadora"},"content":{"rendered":"<p>Bailarina Compactadora Husqvarna LT6005 11\u2033 Motor Honda GRX120 3.5HP La bailarina LT6005 es ideal para la compactaci\u00f3n eficaz de suelos granulados y cohesivos, como arcilla y lodo en zanjas u otros espacios angostos, por ejemplo en las inmediaciones de pilares y tuber\u00edas.<\/p>\n<h3 style=\"line-height: 150%;\">Modelo: LT6005<\/h3>\n<p>La bailarina LT6005 es ideal para\u00a0la compactaci\u00f3n eficaz de suelos granulados y cohesivos, como arcilla y lodo en\u00a0zanjas u otros espacios angostos, por ejemplo en las inmediaciones de pilares y\u00a0tuber\u00edas.<br \/>\nGracias a su motor honda GXR120\u00a0especialmente dise\u00f1ado para este tipo de quipos brindar\u00e1 un control impecable\u00a0as\u00ed como bajos niveles de ruido, vibraciones y emociones de gases t\u00f3xicos.<br \/>\nCuenta con un equilibrio perfecto\u00a0el cu\u00e1l permitir\u00e1 que el trabajo sea mucho m\u00e1s f\u00e1cil de hacer.<\/p>\n<h3 style=\"line-height: 150%; tab-stops: 80.05pt;\"><b>Ficha t\u00e9cnica<\/b><b>\u00a0\u00a0\u00a0\u00a0<\/b><\/h3>\n<ul>\n<li style=\"line-height: 150%;\">Motor: 4 tiempos<\/li>\n<li style=\"line-height: 150%;\">Potencia: 3.6 hp<\/li>\n<li style=\"line-height: 150%;\">Velocidad: 16.5 m\/min<\/li>\n<li style=\"line-height: 150%;\">Alto rendimiento de compactaci\u00f3n<\/li>\n<li style=\"line-height: 150%;\">Fuerza: 1480 kg<\/li>\n<\/ul>\n<h3 style=\"line-height: 150%;\"><b>Caracter\u00edsticas adicionales<\/b><\/h3>\n<ul>\n<li style=\"line-height: 150%;\">F\u00e1cil de transportar<\/li>\n<li style=\"line-height: 150%;\">Manijas de carga<\/li>\n<li style=\"line-height: 150%;\">Zapata de alto rendimiento<\/li>\n<li style=\"line-height: 150%;\">Control de velocida<\/li>\n<li style=\"line-height: 150%;\">Mantenimiento sencillo<\/li>\n<li style=\"line-height: 150%;\">Peso: 69 kg<\/li>\n<\/ul>\n","protected":false},"excerpt":{"rendered":"<p>Bailarina Compactadora Husqvarna LT6005 11\u2033 Motor Honda GRX120 3.5HP La bailarina LT6005 es ideal para la compactaci\u00f3n eficaz de suelos granulados y cohesivos, como arcilla y lodo en zanjas u otros espacios angostos, por ejemplo en las inmediaciones de pilares y tuber\u00edas. Modelo: LT6005 La bailarina LT6005 es ideal para\u00a0la compactaci\u00f3n eficaz de suelos granulados [&hellip;]<\/p>\n","protected":false},"featured_media":303,"comment_status":"open","ping_status":"closed","template":"","meta":{"om_disable_all_campaigns":false,"_monsterinsights_skip_tracking":false,"_monsterinsights_sitenote_active":false,"_monsterinsights_sitenote_note":"","_monsterinsights_sitenote_category":0,"site-sidebar-layout":"default","site-content-layout":"","ast-site-content-layout":"default","site-content-style":"default","site-sidebar-style":"default","ast-global-header-display":"","ast-banner-title-visibility":"","ast-main-header-display":"","ast-hfb-above-header-display":"","ast-hfb-below-header-display":"","ast-hfb-mobile-header-display":"","site-post-title":"","ast-breadcrumbs-content":"","ast-featured-img":"","footer-sml-layout":"","ast-disable-related-posts":"","theme-transparent-header-meta":"default","adv-header-id-meta":"","stick-header-meta":"","header-above-stick-meta":"","header-main-stick-meta":"","header-below-stick-meta":"","astra-migrate-meta-layouts":"set","ast-page-background-enabled":"default","ast-page-background-meta":{"desktop":{"background-color":"var(--ast-global-color-4)","background-image":"","background-repeat":"repeat","background-position":"center center","background-size":"auto","background-attachment":"scroll","background-type":"","background-media":"","overlay-type":"","overlay-color":"","overlay-opacity":"","overlay-gradient":""},"tablet":{"background-color":"","background-image":"","background-repeat":"repeat","background-position":"center center","background-size":"auto","background-attachment":"scroll","background-type":"","background-media":"","overlay-type":"","overlay-color":"","overlay-opacity":"","overlay-gradient":""},"mobile":{"background-color":"","background-image":"","background-repeat":"repeat","background-position":"center center","background-size":"auto","background-attachment":"scroll","background-type":"","background-media":"","overlay-type":"","overlay-color":"","overlay-opacity":"","overlay-gradient":""}},"ast-content-background-meta":{"desktop":{"background-color":"var(--ast-global-color-5)","background-image":"","background-repeat":"repeat","background-position":"center center","background-size":"auto","background-attachment":"scroll","background-type":"","background-media":"","overlay-type":"","overlay-color":"","overlay-opacity":"","overlay-gradient":""},"tablet":{"background-color":"var(--ast-global-color-5)","background-image":"","background-repeat":"repeat","background-position":"center center","background-size":"auto","background-attachment":"scroll","background-type":"","background-media":"","overlay-type":"","overlay-color":"","overlay-opacity":"","overlay-gradient":""},"mobile":{"background-color":"var(--ast-global-color-5)","background-image":"","background-repeat":"repeat","background-position":"center center","background-size":"auto","background-attachment":"scroll","background-type":"","background-media":"","overlay-type":"","overlay-color":"","overlay-opacity":"","overlay-gradient":""}}},"product_brand":[],"product_cat":[30],"product_tag":[],"class_list":{"0":"post-534","1":"product","2":"type-product","3":"status-publish","4":"has-post-thumbnail","6":"product_cat-renta-de-equipo","7":"desktop-align-left","8":"tablet-align-left","9":"mobile-align-left","11":"first","12":"instock","13":"shipping-taxable","14":"purchasable","15":"product-type-simple"},"aioseo_notices":[],"jetpack_sharing_enabled":true,"_links":{"self":[{"href":"https:\/\/www.scee.mx\/index.php\/wp-json\/wp\/v2\/product\/534","targetHints":{"allow":["GET"]}}],"collection":[{"href":"https:\/\/www.scee.mx\/index.php\/wp-json\/wp\/v2\/product"}],"about":[{"href":"https:\/\/www.scee.mx\/index.php\/wp-json\/wp\/v2\/types\/product"}],"replies":[{"embeddable":true,"href":"https:\/\/www.scee.mx\/index.php\/wp-json\/wp\/v2\/comments?post=534"}],"wp:featuredmedia":[{"embeddable":true,"href":"https:\/\/www.scee.mx\/index.php\/wp-json\/wp\/v2\/media\/303"}],"wp:attachment":[{"href":"https:\/\/www.scee.mx\/index.php\/wp-json\/wp\/v2\/media?parent=534"}],"wp:term":[{"taxonomy":"product_brand","embeddable":true,"href":"https:\/\/www.scee.mx\/index.php\/wp-json\/wp\/v2\/product_brand?post=534"},{"taxonomy":"product_cat","embeddable":true,"href":"https:\/\/www.scee.mx\/index.php\/wp-json\/wp\/v2\/product_cat?post=534"},{"taxonomy":"product_tag","embeddable":true,"href":"https:\/\/www.scee.mx\/index.php\/wp-json\/wp\/v2\/product_tag?post=534"}],"curies":[{"name":"wp","href":"https:\/\/api.w.org\/{rel}","templated":true}]}}