{"id":536,"date":"2024-02-16T00:43:44","date_gmt":"2024-02-15T23:43:44","guid":{"rendered":"https:\/\/www.scee.mx\/?post_type=product&#038;p=536"},"modified":"2024-02-16T01:00:04","modified_gmt":"2024-02-16T00:00:04","slug":"analizadores-de-calidad-electrica-y-energia-434-ii-y-435-ii-de-fluke","status":"publish","type":"product","link":"https:\/\/www.scee.mx\/index.php\/producto\/analizadores-de-calidad-electrica-y-energia-434-ii-y-435-ii-de-fluke\/","title":{"rendered":"Analizadores de calidad el\u00e9ctrica y energ\u00eda 434-II y 435-II de Fluke"},"content":{"rendered":"<p>El analizador de energ\u00eda el\u00e9ctrica 434-II y el analizador de calidad el\u00e9ctrica y energ\u00eda 435-II de Fluke est\u00e1n dise\u00f1ados para ayudarle a minimizar el tiempo de inactividad, resolver r\u00e1pidamente problemas de calidad el\u00e9ctrica y averiguar f\u00e1cilmente los costes de la p\u00e9rdida de energ\u00eda. Los tiempos de inactividad salen caros y por ello es importante obtener los datos necesarios para resolver r\u00e1pidamente los problemas cr\u00edticos de calidad el\u00e9ctrica. El proceso de medida y la salida de datos de los analizadores 434-II y 435-II se han optimizado para ayudarle a obtener f\u00e1cilmente la informaci\u00f3n m\u00e1s importante.<\/p>\n<p>Se miden simult\u00e1neamente m\u00faltiples par\u00e1metros y se muestran en formatos que describen r\u00e1pidamente el estado general de calidad el\u00e9ctrica. La informaci\u00f3n detallada le ayuda a tomar mejores decisiones de mantenimiento, tanto si intenta reducir la p\u00e9rdida energ\u00e9tica, como si se propone encontrar la causa de los problemas de calidad el\u00e9ctrica o averiguar de qu\u00e9 modo afecta al sistema el\u00e9ctrico el arranque de motores. Se puede acceder a los datos como simples valores digitales, gr\u00e1ficos de tendencias (para visualizar r\u00e1pidamente los cambios a lo largo del tiempo), formas de onda o diagramas fasoriales. Los datos tambi\u00e9n pueden analizarse y organizarse en formato tabular. Los datos de eventos detallados le permiten ver las etiquetas de magnitud, duraci\u00f3n y tiempo de las anomal\u00edas de forma que pueda correlacionar r\u00e1pidamente los problemas que experimenta en sus instalaciones.<\/p>\n<p class=\"features-title\"><span style=\"font-size: 16px;\">Analice los problemas de calidad el\u00e9ctrica, calcule el coste de la energ\u00eda desperdiciada y evite los tiempos de inactividad con el analizador de energ\u00eda el\u00e9ctrica 434-II y el analizador de calidad el\u00e9ctrica y energ\u00eda 435-II.<\/span><\/p>\n<div id=\"keyfeature_content\" data-readmore=\"\" aria-expanded=\"true\">\n<ul>\n<li>Estudio avanzado del estado de la calidad el\u00e9ctrica:los datos sobre calidad el\u00e9ctrica al instante para que pueda tomar mejores decisiones de mantenimiento<\/li>\n<li>Calculadora de p\u00e9rdida de energ\u00eda:descubra los costes de la p\u00e9rdida de energ\u00eda causada por una calidad el\u00e9ctrica deficiente<\/li>\n<li>M\u00e1xima categor\u00eda de seguridad:\u00a0CAT III 1000 V, CAT IV 600 V<\/li>\n<\/ul>\n<\/div>\n","protected":false},"excerpt":{"rendered":"<p>El analizador de energ\u00eda el\u00e9ctrica 434-II y el analizador de calidad el\u00e9ctrica y energ\u00eda 435-II de Fluke est\u00e1n dise\u00f1ados para ayudarle a minimizar el tiempo de inactividad, resolver r\u00e1pidamente problemas de calidad el\u00e9ctrica y averiguar f\u00e1cilmente los costes de la p\u00e9rdida de energ\u00eda. Los tiempos de inactividad salen caros y por ello es importante obtener [&hellip;]<\/p>\n","protected":false},"featured_media":384,"comment_status":"open","ping_status":"closed","template":"","meta":{"om_disable_all_campaigns":false,"_monsterinsights_skip_tracking":false,"_monsterinsights_sitenote_active":false,"_monsterinsights_sitenote_note":"","_monsterinsights_sitenote_category":0,"site-sidebar-layout":"default","site-content-layout":"","ast-site-content-layout":"default","site-content-style":"default","site-sidebar-style":"default","ast-global-header-display":"","ast-banner-title-visibility":"","ast-main-header-display":"","ast-hfb-above-header-display":"","ast-hfb-below-header-display":"","ast-hfb-mobile-header-display":"","site-post-title":"","ast-breadcrumbs-content":"","ast-featured-img":"","footer-sml-layout":"","ast-disable-related-posts":"","theme-transparent-header-meta":"default","adv-header-id-meta":"","stick-header-meta":"","header-above-stick-meta":"","header-main-stick-meta":"","header-below-stick-meta":"","astra-migrate-meta-layouts":"set","ast-page-background-enabled":"default","ast-page-background-meta":{"desktop":{"background-color":"var(--ast-global-color-4)","background-image":"","background-repeat":"repeat","background-position":"center center","background-size":"auto","background-attachment":"scroll","background-type":"","background-media":"","overlay-type":"","overlay-color":"","overlay-opacity":"","overlay-gradient":""},"tablet":{"background-color":"","background-image":"","background-repeat":"repeat","background-position":"center center","background-size":"auto","background-attachment":"scroll","background-type":"","background-media":"","overlay-type":"","overlay-color":"","overlay-opacity":"","overlay-gradient":""},"mobile":{"background-color":"","background-image":"","background-repeat":"repeat","background-position":"center center","background-size":"auto","background-attachment":"scroll","background-type":"","background-media":"","overlay-type":"","overlay-color":"","overlay-opacity":"","overlay-gradient":""}},"ast-content-background-meta":{"desktop":{"background-color":"var(--ast-global-color-5)","background-image":"","background-repeat":"repeat","background-position":"center center","background-size":"auto","background-attachment":"scroll","background-type":"","background-media":"","overlay-type":"","overlay-color":"","overlay-opacity":"","overlay-gradient":""},"tablet":{"background-color":"var(--ast-global-color-5)","background-image":"","background-repeat":"repeat","background-position":"center center","background-size":"auto","background-attachment":"scroll","background-type":"","background-media":"","overlay-type":"","overlay-color":"","overlay-opacity":"","overlay-gradient":""},"mobile":{"background-color":"var(--ast-global-color-5)","background-image":"","background-repeat":"repeat","background-position":"center center","background-size":"auto","background-attachment":"scroll","background-type":"","background-media":"","overlay-type":"","overlay-color":"","overlay-opacity":"","overlay-gradient":""}}},"product_brand":[],"product_cat":[30],"product_tag":[],"class_list":{"0":"post-536","1":"product","2":"type-product","3":"status-publish","4":"has-post-thumbnail","6":"product_cat-renta-de-equipo","7":"desktop-align-left","8":"tablet-align-left","9":"mobile-align-left","11":"first","12":"instock","13":"shipping-taxable","14":"purchasable","15":"product-type-simple"},"aioseo_notices":[],"jetpack_sharing_enabled":true,"_links":{"self":[{"href":"https:\/\/www.scee.mx\/index.php\/wp-json\/wp\/v2\/product\/536","targetHints":{"allow":["GET"]}}],"collection":[{"href":"https:\/\/www.scee.mx\/index.php\/wp-json\/wp\/v2\/product"}],"about":[{"href":"https:\/\/www.scee.mx\/index.php\/wp-json\/wp\/v2\/types\/product"}],"replies":[{"embeddable":true,"href":"https:\/\/www.scee.mx\/index.php\/wp-json\/wp\/v2\/comments?post=536"}],"wp:featuredmedia":[{"embeddable":true,"href":"https:\/\/www.scee.mx\/index.php\/wp-json\/wp\/v2\/media\/384"}],"wp:attachment":[{"href":"https:\/\/www.scee.mx\/index.php\/wp-json\/wp\/v2\/media?parent=536"}],"wp:term":[{"taxonomy":"product_brand","embeddable":true,"href":"https:\/\/www.scee.mx\/index.php\/wp-json\/wp\/v2\/product_brand?post=536"},{"taxonomy":"product_cat","embeddable":true,"href":"https:\/\/www.scee.mx\/index.php\/wp-json\/wp\/v2\/product_cat?post=536"},{"taxonomy":"product_tag","embeddable":true,"href":"https:\/\/www.scee.mx\/index.php\/wp-json\/wp\/v2\/product_tag?post=536"}],"curies":[{"name":"wp","href":"https:\/\/api.w.org\/{rel}","templated":true}]}}