{"id":537,"date":"2024-02-16T00:49:09","date_gmt":"2024-02-15T23:49:09","guid":{"rendered":"https:\/\/www.scee.mx\/?post_type=product&#038;p=537"},"modified":"2024-02-16T00:59:28","modified_gmt":"2024-02-15T23:59:28","slug":"kit-de-herramientas-forcelogic-knockout-milwaukee-2677-23-m18-18v-4-pulgadas-6-toneladas","status":"publish","type":"product","link":"https:\/\/www.scee.mx\/index.php\/producto\/kit-de-herramientas-forcelogic-knockout-milwaukee-2677-23-m18-18v-4-pulgadas-6-toneladas\/","title":{"rendered":"Kit de herramientas Forcelogic Knockout Milwaukee 2677-23 M18 18V 4 pulgadas 6 toneladas"},"content":{"rendered":"<h3 class=\"product-includes__title\">INCLUYE<\/h3>\n<div id=\"rmjs-2\" class=\"product-includes__wrap readmore\" data-height=\"110\" data-moretext=\"Leer m\u00e1s\" data-lesstext=\"Cerrar\" data-readmore=\"\" aria-expanded=\"true\">\n<div class=\"product-include__titlewrap\"><span class=\"product-include__title\"><span class=\"product-include\"><span class=\"product-include__quantity\">(1) <\/span><\/span>Kit de herramienta perforadora M18\u2122 FORCE LOGIC\u2122 de 6\u00a0toneladas<\/span><span class=\"product-include__sku\">(2677-20)<\/span><\/div>\n<div class=\"product-include__titlewrap\"><span class=\"product-include__title\"><span class=\"product-include\"><span class=\"product-include__quantity\">(1) <\/span><\/span>Bater\u00eda CP2.0 M18\u2122 REDLITHIUM\u2122<\/span><span class=\"product-include__sku\">(48-11-1820)<\/span><\/div>\n<div class=\"product-include__titlewrap\"><span class=\"product-include__title\"><span class=\"product-include\"><span class=\"product-include__quantity\">(1) <\/span><\/span>Cargador multivoltaje M18\u2122 y M12<b>\u2122<\/b><\/span><span class=\"product-include__sku\">(48-59-1812)<\/span><\/div>\n<div class=\"product-include__titlewrap\"><span class=\"product-include__title\"><span class=\"product-include\"><span class=\"product-include__quantity\">(1) <\/span><\/span>Juego de esp\u00e1rragos percutores de 3\/4&#8243; EXACT\u2122 con restablecimiento r\u00e1pido<\/span><span class=\"product-include__sku\">(49-16-2703)<\/span><\/div>\n<div class=\"product-include__titlewrap\"><span class=\"product-include__title\"><span class=\"product-include\"><span class=\"product-include__quantity\">(1) <\/span><\/span>Perforadora de 4&#8243; EXACT\u2122<\/span><span class=\"product-include__sku\">(49-16-2679)<\/span><\/div>\n<div class=\"product-include__titlewrap\"><span class=\"product-include__title\"><span class=\"product-include\"><span class=\"product-include__quantity\">(1) <\/span><\/span>Molde EXACT\u2122 de 4&#8243;\u00a0<\/span><span class=\"product-include__sku\">(49-16-2678)<\/span><\/div>\n<div class=\"product-include__titlewrap\"><span class=\"product-include__title\"><span class=\"product-include\"><span class=\"product-include__quantity\">(1) <\/span><\/span>Perforadora de 3-1\/2&#8243; EXACT\u2122<\/span><span class=\"product-include__sku\">(49-16-2677)<\/span><\/div>\n<div class=\"product-include__titlewrap\"><span class=\"product-include__title\"><span class=\"product-include\"><span class=\"product-include__quantity\">(1) <\/span><\/span>Molde EXACT\u2122 de 3-1\/2&#8243;\u00a0<\/span><span class=\"product-include__sku\">(49-16-2676)<\/span><\/div>\n<div class=\"product-include__titlewrap\"><span class=\"product-include__title\"><span class=\"product-include\"><span class=\"product-include__quantity\">(1) <\/span><\/span>Perforaci\u00f3n de 3&#8243; EXACT\u2122<\/span><span class=\"product-include__sku\">(49-16-2675)<\/span><\/div>\n<div class=\"product-include__titlewrap\"><span class=\"product-include__title\"><span class=\"product-include\"><span class=\"product-include__quantity\">(1) <\/span><\/span>Troquel de 3&#8243; EXACT\u2122<\/span><span class=\"product-include__sku\">(49-16-2674)<\/span><\/div>\n<div class=\"product-include__titlewrap\"><span class=\"product-include__title\"><span class=\"product-include\"><span class=\"product-include__quantity\">(1) <\/span><\/span>Perforaci\u00f3n de 2-1\/2&#8243; EXACT\u2122<\/span><span class=\"product-include__sku\">(49-16-2673)<\/span><\/div>\n<div class=\"product-include__titlewrap\"><span class=\"product-include__title\"><span class=\"product-include\"><span class=\"product-include__quantity\">(1) <\/span><\/span>Troquel de 2-1\/2&#8243; EXACT\u2122<\/span><span class=\"product-include__sku\">(49-16-2672)<\/span><\/div>\n<div class=\"product-include__titlewrap\"><span class=\"product-include__title\"><span class=\"product-include\"><span class=\"product-include__quantity\">(1) <\/span><\/span>Esp\u00e1rrago percutor de 7\/16&#8243;<\/span><span class=\"product-include__sku\">(49-16-2680)<\/span><\/div>\n<div class=\"product-include__titlewrap\"><span class=\"product-include__title\"><span class=\"product-include\"><span class=\"product-include__quantity\">(1) <\/span><\/span>Esp\u00e1rrago percutor de 3\/4&#8243;<\/span><span class=\"product-include__sku\">(49-16-2681)<\/span><\/div>\n<div class=\"product-include__titlewrap\"><span class=\"product-include__title\"><span class=\"product-include\"><span class=\"product-include__quantity\">(1) <\/span><\/span>Esp\u00e1rrago percutor de 1-1\/8&#8243;<\/span><span class=\"product-include__sku\">(49-16-2682)<\/span><\/div>\n<p><span class=\"product-include\"><span class=\"product-include__quantity\">(1) <\/span><span class=\"product-include__title\">Sistema de alineaci\u00f3n de conexi\u00f3n r\u00e1pida<\/span><\/span><span class=\"product-include\"><span class=\"product-include__quantity\">(1)<\/span><span class=\"product-include__title\">Punzones y troqueles de conductos exactos de 1\/2&#8243; a 2&#8243;<\/span><\/span><span class=\"product-include\"><span class=\"product-include__quantity\">(1)<\/span><span class=\"product-include__title\">Estuche de transporte<\/span><\/span><\/p>\n<\/div>\n","protected":false},"excerpt":{"rendered":"<p>INCLUYE (1) Kit de herramienta perforadora M18\u2122 FORCE LOGIC\u2122 de 6\u00a0toneladas(2677-20) (1) Bater\u00eda CP2.0 M18\u2122 REDLITHIUM\u2122(48-11-1820) (1) Cargador multivoltaje M18\u2122 y M12\u2122(48-59-1812) (1) Juego de esp\u00e1rragos percutores de 3\/4&#8243; EXACT\u2122 con restablecimiento r\u00e1pido(49-16-2703) (1) Perforadora de 4&#8243; EXACT\u2122(49-16-2679) (1) Molde EXACT\u2122 de 4&#8243;\u00a0(49-16-2678) (1) Perforadora de 3-1\/2&#8243; EXACT\u2122(49-16-2677) (1) Molde EXACT\u2122 de 3-1\/2&#8243;\u00a0(49-16-2676) (1) Perforaci\u00f3n [&hellip;]<\/p>\n","protected":false},"featured_media":332,"comment_status":"open","ping_status":"closed","template":"","meta":{"om_disable_all_campaigns":false,"_monsterinsights_skip_tracking":false,"_monsterinsights_sitenote_active":false,"_monsterinsights_sitenote_note":"","_monsterinsights_sitenote_category":0,"site-sidebar-layout":"default","site-content-layout":"","ast-site-content-layout":"default","site-content-style":"default","site-sidebar-style":"default","ast-global-header-display":"","ast-banner-title-visibility":"","ast-main-header-display":"","ast-hfb-above-header-display":"","ast-hfb-below-header-display":"","ast-hfb-mobile-header-display":"","site-post-title":"","ast-breadcrumbs-content":"","ast-featured-img":"","footer-sml-layout":"","ast-disable-related-posts":"","theme-transparent-header-meta":"default","adv-header-id-meta":"","stick-header-meta":"","header-above-stick-meta":"","header-main-stick-meta":"","header-below-stick-meta":"","astra-migrate-meta-layouts":"set","ast-page-background-enabled":"default","ast-page-background-meta":{"desktop":{"background-color":"var(--ast-global-color-4)","background-image":"","background-repeat":"repeat","background-position":"center center","background-size":"auto","background-attachment":"scroll","background-type":"","background-media":"","overlay-type":"","overlay-color":"","overlay-opacity":"","overlay-gradient":""},"tablet":{"background-color":"","background-image":"","background-repeat":"repeat","background-position":"center center","background-size":"auto","background-attachment":"scroll","background-type":"","background-media":"","overlay-type":"","overlay-color":"","overlay-opacity":"","overlay-gradient":""},"mobile":{"background-color":"","background-image":"","background-repeat":"repeat","background-position":"center center","background-size":"auto","background-attachment":"scroll","background-type":"","background-media":"","overlay-type":"","overlay-color":"","overlay-opacity":"","overlay-gradient":""}},"ast-content-background-meta":{"desktop":{"background-color":"var(--ast-global-color-5)","background-image":"","background-repeat":"repeat","background-position":"center center","background-size":"auto","background-attachment":"scroll","background-type":"","background-media":"","overlay-type":"","overlay-color":"","overlay-opacity":"","overlay-gradient":""},"tablet":{"background-color":"var(--ast-global-color-5)","background-image":"","background-repeat":"repeat","background-position":"center center","background-size":"auto","background-attachment":"scroll","background-type":"","background-media":"","overlay-type":"","overlay-color":"","overlay-opacity":"","overlay-gradient":""},"mobile":{"background-color":"var(--ast-global-color-5)","background-image":"","background-repeat":"repeat","background-position":"center center","background-size":"auto","background-attachment":"scroll","background-type":"","background-media":"","overlay-type":"","overlay-color":"","overlay-opacity":"","overlay-gradient":""}}},"product_brand":[],"product_cat":[30],"product_tag":[],"class_list":{"0":"post-537","1":"product","2":"type-product","3":"status-publish","4":"has-post-thumbnail","6":"product_cat-renta-de-equipo","7":"desktop-align-left","8":"tablet-align-left","9":"mobile-align-left","11":"first","12":"instock","13":"shipping-taxable","14":"purchasable","15":"product-type-simple"},"aioseo_notices":[],"jetpack_sharing_enabled":true,"_links":{"self":[{"href":"https:\/\/www.scee.mx\/index.php\/wp-json\/wp\/v2\/product\/537","targetHints":{"allow":["GET"]}}],"collection":[{"href":"https:\/\/www.scee.mx\/index.php\/wp-json\/wp\/v2\/product"}],"about":[{"href":"https:\/\/www.scee.mx\/index.php\/wp-json\/wp\/v2\/types\/product"}],"replies":[{"embeddable":true,"href":"https:\/\/www.scee.mx\/index.php\/wp-json\/wp\/v2\/comments?post=537"}],"wp:featuredmedia":[{"embeddable":true,"href":"https:\/\/www.scee.mx\/index.php\/wp-json\/wp\/v2\/media\/332"}],"wp:attachment":[{"href":"https:\/\/www.scee.mx\/index.php\/wp-json\/wp\/v2\/media?parent=537"}],"wp:term":[{"taxonomy":"product_brand","embeddable":true,"href":"https:\/\/www.scee.mx\/index.php\/wp-json\/wp\/v2\/product_brand?post=537"},{"taxonomy":"product_cat","embeddable":true,"href":"https:\/\/www.scee.mx\/index.php\/wp-json\/wp\/v2\/product_cat?post=537"},{"taxonomy":"product_tag","embeddable":true,"href":"https:\/\/www.scee.mx\/index.php\/wp-json\/wp\/v2\/product_tag?post=537"}],"curies":[{"name":"wp","href":"https:\/\/api.w.org\/{rel}","templated":true}]}}