{"id":538,"date":"2024-02-16T00:52:50","date_gmt":"2024-02-15T23:52:50","guid":{"rendered":"https:\/\/www.scee.mx\/?post_type=product&#038;p=538"},"modified":"2024-02-16T00:58:51","modified_gmt":"2024-02-15T23:58:51","slug":"kit-de-herramienta-portatil-para-instalacion-tuberia-de-alumnio","status":"publish","type":"product","link":"https:\/\/www.scee.mx\/index.php\/producto\/kit-de-herramienta-portatil-para-instalacion-tuberia-de-alumnio\/","title":{"rendered":"Kit de Herramienta port\u00e1til para instalaci\u00f3n tuber\u00eda de alumnio"},"content":{"rendered":"<p>Las herramientas de instalaci\u00f3n de Transair facilitan la instalaci\u00f3n o la modificaci\u00f3n de sistemas de Transair. Con nuestra gama de cortatubos, brocas, herramientas de desbarbado y de prensado, se pueden instalar todos los di\u00e1metros (de 1\/2&#8243; (16,5 mm) a 6&#8243; (168,3 mm) seis veces m\u00e1s r\u00e1pido que con las opciones tradicionales de cobre y acero. Las herramientas de Transair son muy f\u00e1ciles de manejar y est\u00e1n dise\u00f1adas para proporcionar a\u00f1os de servicio fiable.<\/p>\n<h3>Especificaciones t\u00e9cnicas<\/h3>\n<ul>\n<li class=\"specifications__item\"><span class=\"specifications__description\">D.E. de la tuber\u00eda (mm): <\/span><span class=\"specifications__value\">76 a 168, 3<\/span><\/li>\n<li class=\"specifications__item\"><span class=\"specifications__description\">Tama\u00f1o del orificio perforado (pulg): <\/span><span class=\"specifications__value\">N \/ A<\/span><\/li>\n<li class=\"specifications__item\"><span class=\"specifications__description\">D.E. de la tuber\u00eda (pulg): <\/span><span class=\"specifications__value\">3 a 6<\/span><\/li>\n<li class=\"specifications__item\"><span class=\"specifications__description\">Tipo: <\/span><span class=\"specifications__value\">Herramienta de carga (inal\u00e1mbrica de 14 V)<\/span><\/li>\n<li class=\"specifications__item\"><span class=\"specifications__description\">Fuente de energ\u00eda: <\/span><span class=\"specifications__value\">Bater\u00eda recargable de 14 V.<\/span><\/li>\n<li class=\"specifications__item\"><span class=\"specifications__description\">Divisi\u00f3n: <\/span><span class=\"specifications__value\">Divisi\u00f3n de conectores de sistemas de fluidos<\/span><\/li>\n<\/ul>\n<p>&nbsp;<\/p>\n","protected":false},"excerpt":{"rendered":"<p>Las herramientas de instalaci\u00f3n de Transair facilitan la instalaci\u00f3n o la modificaci\u00f3n de sistemas de Transair. Con nuestra gama de cortatubos, brocas, herramientas de desbarbado y de prensado, se pueden instalar todos los di\u00e1metros (de 1\/2&#8243; (16,5 mm) a 6&#8243; (168,3 mm) seis veces m\u00e1s r\u00e1pido que con las opciones tradicionales de cobre y acero. [&hellip;]<\/p>\n","protected":false},"featured_media":348,"comment_status":"open","ping_status":"closed","template":"","meta":{"om_disable_all_campaigns":false,"_monsterinsights_skip_tracking":false,"_monsterinsights_sitenote_active":false,"_monsterinsights_sitenote_note":"","_monsterinsights_sitenote_category":0,"site-sidebar-layout":"default","site-content-layout":"","ast-site-content-layout":"default","site-content-style":"default","site-sidebar-style":"default","ast-global-header-display":"","ast-banner-title-visibility":"","ast-main-header-display":"","ast-hfb-above-header-display":"","ast-hfb-below-header-display":"","ast-hfb-mobile-header-display":"","site-post-title":"","ast-breadcrumbs-content":"","ast-featured-img":"","footer-sml-layout":"","ast-disable-related-posts":"","theme-transparent-header-meta":"default","adv-header-id-meta":"","stick-header-meta":"","header-above-stick-meta":"","header-main-stick-meta":"","header-below-stick-meta":"","astra-migrate-meta-layouts":"set","ast-page-background-enabled":"default","ast-page-background-meta":{"desktop":{"background-color":"var(--ast-global-color-4)","background-image":"","background-repeat":"repeat","background-position":"center center","background-size":"auto","background-attachment":"scroll","background-type":"","background-media":"","overlay-type":"","overlay-color":"","overlay-opacity":"","overlay-gradient":""},"tablet":{"background-color":"","background-image":"","background-repeat":"repeat","background-position":"center center","background-size":"auto","background-attachment":"scroll","background-type":"","background-media":"","overlay-type":"","overlay-color":"","overlay-opacity":"","overlay-gradient":""},"mobile":{"background-color":"","background-image":"","background-repeat":"repeat","background-position":"center center","background-size":"auto","background-attachment":"scroll","background-type":"","background-media":"","overlay-type":"","overlay-color":"","overlay-opacity":"","overlay-gradient":""}},"ast-content-background-meta":{"desktop":{"background-color":"var(--ast-global-color-5)","background-image":"","background-repeat":"repeat","background-position":"center center","background-size":"auto","background-attachment":"scroll","background-type":"","background-media":"","overlay-type":"","overlay-color":"","overlay-opacity":"","overlay-gradient":""},"tablet":{"background-color":"var(--ast-global-color-5)","background-image":"","background-repeat":"repeat","background-position":"center center","background-size":"auto","background-attachment":"scroll","background-type":"","background-media":"","overlay-type":"","overlay-color":"","overlay-opacity":"","overlay-gradient":""},"mobile":{"background-color":"var(--ast-global-color-5)","background-image":"","background-repeat":"repeat","background-position":"center center","background-size":"auto","background-attachment":"scroll","background-type":"","background-media":"","overlay-type":"","overlay-color":"","overlay-opacity":"","overlay-gradient":""}}},"product_brand":[],"product_cat":[30],"product_tag":[],"class_list":{"0":"post-538","1":"product","2":"type-product","3":"status-publish","4":"has-post-thumbnail","6":"product_cat-renta-de-equipo","7":"desktop-align-left","8":"tablet-align-left","9":"mobile-align-left","11":"first","12":"instock","13":"shipping-taxable","14":"purchasable","15":"product-type-simple"},"aioseo_notices":[],"jetpack_sharing_enabled":true,"_links":{"self":[{"href":"https:\/\/www.scee.mx\/index.php\/wp-json\/wp\/v2\/product\/538","targetHints":{"allow":["GET"]}}],"collection":[{"href":"https:\/\/www.scee.mx\/index.php\/wp-json\/wp\/v2\/product"}],"about":[{"href":"https:\/\/www.scee.mx\/index.php\/wp-json\/wp\/v2\/types\/product"}],"replies":[{"embeddable":true,"href":"https:\/\/www.scee.mx\/index.php\/wp-json\/wp\/v2\/comments?post=538"}],"wp:featuredmedia":[{"embeddable":true,"href":"https:\/\/www.scee.mx\/index.php\/wp-json\/wp\/v2\/media\/348"}],"wp:attachment":[{"href":"https:\/\/www.scee.mx\/index.php\/wp-json\/wp\/v2\/media?parent=538"}],"wp:term":[{"taxonomy":"product_brand","embeddable":true,"href":"https:\/\/www.scee.mx\/index.php\/wp-json\/wp\/v2\/product_brand?post=538"},{"taxonomy":"product_cat","embeddable":true,"href":"https:\/\/www.scee.mx\/index.php\/wp-json\/wp\/v2\/product_cat?post=538"},{"taxonomy":"product_tag","embeddable":true,"href":"https:\/\/www.scee.mx\/index.php\/wp-json\/wp\/v2\/product_tag?post=538"}],"curies":[{"name":"wp","href":"https:\/\/api.w.org\/{rel}","templated":true}]}}