{"id":539,"date":"2024-02-16T00:57:02","date_gmt":"2024-02-15T23:57:02","guid":{"rendered":"https:\/\/www.scee.mx\/?post_type=product&#038;p=539"},"modified":"2024-02-16T00:58:14","modified_gmt":"2024-02-15T23:58:14","slug":"fluke-networks-certificador-dsx-5000-dsx2-5000int","status":"publish","type":"product","link":"https:\/\/www.scee.mx\/index.php\/producto\/fluke-networks-certificador-dsx-5000-dsx2-5000int\/","title":{"rendered":"Fluke Networks Certificador DSX-5000 DSX2-5000INT"},"content":{"rendered":"<h3><span style=\"font-weight: 400;\">Especificaciones T\u00e9cnicas<\/span><\/h3>\n<ul>\n<li><span style=\"font-weight: 400;\">Marca:<\/span> <span style=\"font-weight: 400;\">Fluke Networks<\/span><\/li>\n<li><span style=\"font-weight: 400;\">Modelo:<\/span> <span style=\"font-weight: 400;\">DSX2-5000INT<\/span><\/li>\n<li><span style=\"font-weight: 400;\">Tipo de Cable:<\/span> <span style=\"font-weight: 400;\">Cat5e, Cat 6 y Cat6A<\/span><\/li>\n<li><span style=\"font-weight: 400;\">Precisi\u00f3n:<\/span> <span style=\"font-weight: 400;\">Nivel V (1GHz)<\/span><\/li>\n<li><span style=\"font-weight: 400;\">Contenido:<br \/>\n<\/span><span style=\"font-weight: 400;\">1 unidad principal y remota Versiv<br \/>\n<\/span>2 m\u00f3dulos DSX-5000 CableAnalyzer<br \/>\n1 Juego de adaptadores de enlace permanente de Cat 6A\/Clase EA<br \/>\n1 Juego de adaptadores de canal de Cat 6A\/Clase EA<br \/>\n2 auriculares<br \/>\n2 correas de mano<br \/>\n2 correas de hombro<br \/>\n1 Malet\u00edn de transporteCable de interfaz USB<br \/>\n2 cargadores de CA<br \/>\n2 acopladores universales<\/li>\n<\/ul>\n","protected":false},"excerpt":{"rendered":"<p>Especificaciones T\u00e9cnicas Marca: Fluke Networks Modelo: DSX2-5000INT Tipo de Cable: Cat5e, Cat 6 y Cat6A Precisi\u00f3n: Nivel V (1GHz) Contenido: 1 unidad principal y remota Versiv 2 m\u00f3dulos DSX-5000 CableAnalyzer 1 Juego de adaptadores de enlace permanente de Cat 6A\/Clase EA 1 Juego de adaptadores de canal de Cat 6A\/Clase EA 2 auriculares 2 correas [&hellip;]<\/p>\n","protected":false},"featured_media":363,"comment_status":"open","ping_status":"closed","template":"","meta":{"om_disable_all_campaigns":false,"_monsterinsights_skip_tracking":false,"_monsterinsights_sitenote_active":false,"_monsterinsights_sitenote_note":"","_monsterinsights_sitenote_category":0,"site-sidebar-layout":"default","site-content-layout":"","ast-site-content-layout":"default","site-content-style":"default","site-sidebar-style":"default","ast-global-header-display":"","ast-banner-title-visibility":"","ast-main-header-display":"","ast-hfb-above-header-display":"","ast-hfb-below-header-display":"","ast-hfb-mobile-header-display":"","site-post-title":"","ast-breadcrumbs-content":"","ast-featured-img":"","footer-sml-layout":"","ast-disable-related-posts":"","theme-transparent-header-meta":"default","adv-header-id-meta":"","stick-header-meta":"","header-above-stick-meta":"","header-main-stick-meta":"","header-below-stick-meta":"","astra-migrate-meta-layouts":"set","ast-page-background-enabled":"default","ast-page-background-meta":{"desktop":{"background-color":"var(--ast-global-color-4)","background-image":"","background-repeat":"repeat","background-position":"center center","background-size":"auto","background-attachment":"scroll","background-type":"","background-media":"","overlay-type":"","overlay-color":"","overlay-opacity":"","overlay-gradient":""},"tablet":{"background-color":"","background-image":"","background-repeat":"repeat","background-position":"center center","background-size":"auto","background-attachment":"scroll","background-type":"","background-media":"","overlay-type":"","overlay-color":"","overlay-opacity":"","overlay-gradient":""},"mobile":{"background-color":"","background-image":"","background-repeat":"repeat","background-position":"center center","background-size":"auto","background-attachment":"scroll","background-type":"","background-media":"","overlay-type":"","overlay-color":"","overlay-opacity":"","overlay-gradient":""}},"ast-content-background-meta":{"desktop":{"background-color":"var(--ast-global-color-5)","background-image":"","background-repeat":"repeat","background-position":"center center","background-size":"auto","background-attachment":"scroll","background-type":"","background-media":"","overlay-type":"","overlay-color":"","overlay-opacity":"","overlay-gradient":""},"tablet":{"background-color":"var(--ast-global-color-5)","background-image":"","background-repeat":"repeat","background-position":"center center","background-size":"auto","background-attachment":"scroll","background-type":"","background-media":"","overlay-type":"","overlay-color":"","overlay-opacity":"","overlay-gradient":""},"mobile":{"background-color":"var(--ast-global-color-5)","background-image":"","background-repeat":"repeat","background-position":"center center","background-size":"auto","background-attachment":"scroll","background-type":"","background-media":"","overlay-type":"","overlay-color":"","overlay-opacity":"","overlay-gradient":""}}},"product_brand":[],"product_cat":[30],"product_tag":[],"class_list":{"0":"post-539","1":"product","2":"type-product","3":"status-publish","4":"has-post-thumbnail","6":"product_cat-renta-de-equipo","7":"desktop-align-left","8":"tablet-align-left","9":"mobile-align-left","11":"first","12":"instock","13":"shipping-taxable","14":"purchasable","15":"product-type-simple"},"aioseo_notices":[],"jetpack_sharing_enabled":true,"_links":{"self":[{"href":"https:\/\/www.scee.mx\/index.php\/wp-json\/wp\/v2\/product\/539","targetHints":{"allow":["GET"]}}],"collection":[{"href":"https:\/\/www.scee.mx\/index.php\/wp-json\/wp\/v2\/product"}],"about":[{"href":"https:\/\/www.scee.mx\/index.php\/wp-json\/wp\/v2\/types\/product"}],"replies":[{"embeddable":true,"href":"https:\/\/www.scee.mx\/index.php\/wp-json\/wp\/v2\/comments?post=539"}],"wp:featuredmedia":[{"embeddable":true,"href":"https:\/\/www.scee.mx\/index.php\/wp-json\/wp\/v2\/media\/363"}],"wp:attachment":[{"href":"https:\/\/www.scee.mx\/index.php\/wp-json\/wp\/v2\/media?parent=539"}],"wp:term":[{"taxonomy":"product_brand","embeddable":true,"href":"https:\/\/www.scee.mx\/index.php\/wp-json\/wp\/v2\/product_brand?post=539"},{"taxonomy":"product_cat","embeddable":true,"href":"https:\/\/www.scee.mx\/index.php\/wp-json\/wp\/v2\/product_cat?post=539"},{"taxonomy":"product_tag","embeddable":true,"href":"https:\/\/www.scee.mx\/index.php\/wp-json\/wp\/v2\/product_tag?post=539"}],"curies":[{"name":"wp","href":"https:\/\/api.w.org\/{rel}","templated":true}]}}