{"id":628,"date":"2024-02-27T02:10:46","date_gmt":"2024-02-27T01:10:46","guid":{"rendered":"https:\/\/www.scee.mx\/?post_type=product&#038;p=628"},"modified":"2024-02-27T02:16:22","modified_gmt":"2024-02-27T01:16:22","slug":"interruptor-termomagnetico-qo-1-polo-50-amperes","status":"publish","type":"product","link":"https:\/\/www.scee.mx\/index.php\/producto\/interruptor-termomagnetico-qo-1-polo-50-amperes\/","title":{"rendered":"Interruptor termomagnetico QO 1 polo. 50 amperes"},"content":{"rendered":"<table>\n<tbody>\n<tr>\n<td><span style=\"font-weight: 400;\">Modo de operaci\u00f3n<\/span><\/td>\n<td><span style=\"font-weight: 400;\">ON-OFF-ON<\/span><\/td>\n<\/tr>\n<tr>\n<td><span style=\"font-weight: 400;\">Clasificaci\u00f3n actual<\/span><\/td>\n<td><span style=\"font-weight: 400;\">50 Amperios<\/span><\/td>\n<\/tr>\n<tr>\n<td><span style=\"font-weight: 400;\">Marca<\/span><\/td>\n<td><span style=\"font-weight: 400;\">Schneider<\/span><\/p>\n<p><span style=\"font-weight: 400;\">Siemens<\/span><\/p>\n<p><span style=\"font-weight: 400;\">Sanelec<\/span><\/p>\n<p><span style=\"font-weight: 400;\">IUSA<\/span><\/p>\n<p><span style=\"font-weight: 400;\">ABB<\/span><\/td>\n<\/tr>\n<tr>\n<td><span style=\"font-weight: 400;\">Terminal<\/span><\/td>\n<td><span style=\"font-weight: 400;\">Bot\u00f3n<\/span><\/td>\n<\/tr>\n<tr>\n<td><span style=\"font-weight: 400;\">Material<\/span><\/td>\n<td><span style=\"font-weight: 400;\">Caja moldeada en termofijo<\/span><\/td>\n<\/tr>\n<tr>\n<td><span style=\"font-weight: 400;\">Dimensiones del art\u00edculo Largo x ancho x alto<\/span><\/td>\n<td><span style=\"font-weight: 400;\">20 x 80 x 80 millimeters<\/span><\/td>\n<\/tr>\n<tr>\n<td><span style=\"font-weight: 400;\">Tipo de montaje<\/span><\/td>\n<td><span style=\"font-weight: 400;\">En enchufe<\/span><\/td>\n<\/tr>\n<tr>\n<td><span style=\"font-weight: 400;\">Color<\/span><\/td>\n<td><span style=\"font-weight: 400;\">Negro<\/span><\/td>\n<\/tr>\n<\/tbody>\n<\/table>\n<p><span style=\"font-weight: 400;\">Acerca de este art\u00edculo<\/span><\/p>\n<ul>\n<li style=\"font-weight: 400;\" aria-level=\"1\"><span style=\"font-weight: 400;\">Los interruptores termomagn\u00e9ticos enchufables QO de Square D, brindan protecci\u00f3n ante eventos de sobrecarga y cortocircuito<\/span><\/li>\n<li style=\"font-weight: 400;\" aria-level=\"1\"><span style=\"font-weight: 400;\">Con o sin ventana y bandera de disparo VISI-TRIP, tienen una capacidad interruptora de 10, 000 A; construidos de acuerdo a las normas vigentes hacen que cuenten con certificaci\u00f3n NOM y UL<\/span><\/li>\n<li style=\"font-weight: 400;\" aria-level=\"1\"><span style=\"font-weight: 400;\">Con VISI-TRIP<\/span><\/li>\n<\/ul>\n","protected":false},"excerpt":{"rendered":"<p>Modo de operaci\u00f3n ON-OFF-ON Clasificaci\u00f3n actual 50 Amperios Marca Schneider Siemens Sanelec IUSA ABB Terminal Bot\u00f3n Material Caja moldeada en termofijo Dimensiones del art\u00edculo Largo x ancho x alto 20 x 80 x 80 millimeters Tipo de montaje En enchufe Color Negro Acerca de este art\u00edculo Los interruptores termomagn\u00e9ticos enchufables QO de Square D, brindan [&hellip;]<\/p>\n","protected":false},"featured_media":632,"comment_status":"open","ping_status":"closed","template":"","meta":{"om_disable_all_campaigns":false,"_monsterinsights_skip_tracking":false,"_monsterinsights_sitenote_active":false,"_monsterinsights_sitenote_note":"","_monsterinsights_sitenote_category":0,"site-sidebar-layout":"default","site-content-layout":"","ast-site-content-layout":"default","site-content-style":"default","site-sidebar-style":"default","ast-global-header-display":"","ast-banner-title-visibility":"","ast-main-header-display":"","ast-hfb-above-header-display":"","ast-hfb-below-header-display":"","ast-hfb-mobile-header-display":"","site-post-title":"","ast-breadcrumbs-content":"","ast-featured-img":"","footer-sml-layout":"","ast-disable-related-posts":"","theme-transparent-header-meta":"default","adv-header-id-meta":"","stick-header-meta":"","header-above-stick-meta":"","header-main-stick-meta":"","header-below-stick-meta":"","astra-migrate-meta-layouts":"set","ast-page-background-enabled":"default","ast-page-background-meta":{"desktop":{"background-color":"var(--ast-global-color-4)","background-image":"","background-repeat":"repeat","background-position":"center center","background-size":"auto","background-attachment":"scroll","background-type":"","background-media":"","overlay-type":"","overlay-color":"","overlay-opacity":"","overlay-gradient":""},"tablet":{"background-color":"","background-image":"","background-repeat":"repeat","background-position":"center center","background-size":"auto","background-attachment":"scroll","background-type":"","background-media":"","overlay-type":"","overlay-color":"","overlay-opacity":"","overlay-gradient":""},"mobile":{"background-color":"","background-image":"","background-repeat":"repeat","background-position":"center center","background-size":"auto","background-attachment":"scroll","background-type":"","background-media":"","overlay-type":"","overlay-color":"","overlay-opacity":"","overlay-gradient":""}},"ast-content-background-meta":{"desktop":{"background-color":"var(--ast-global-color-5)","background-image":"","background-repeat":"repeat","background-position":"center center","background-size":"auto","background-attachment":"scroll","background-type":"","background-media":"","overlay-type":"","overlay-color":"","overlay-opacity":"","overlay-gradient":""},"tablet":{"background-color":"var(--ast-global-color-5)","background-image":"","background-repeat":"repeat","background-position":"center center","background-size":"auto","background-attachment":"scroll","background-type":"","background-media":"","overlay-type":"","overlay-color":"","overlay-opacity":"","overlay-gradient":""},"mobile":{"background-color":"var(--ast-global-color-5)","background-image":"","background-repeat":"repeat","background-position":"center center","background-size":"auto","background-attachment":"scroll","background-type":"","background-media":"","overlay-type":"","overlay-color":"","overlay-opacity":"","overlay-gradient":""}}},"product_brand":[],"product_cat":[26],"product_tag":[],"class_list":{"0":"post-628","1":"product","2":"type-product","3":"status-publish","4":"has-post-thumbnail","6":"product_cat-electricos","7":"desktop-align-left","8":"tablet-align-left","9":"mobile-align-left","11":"first","12":"instock","13":"shipping-taxable","14":"purchasable","15":"product-type-simple"},"aioseo_notices":[],"jetpack_sharing_enabled":true,"_links":{"self":[{"href":"https:\/\/www.scee.mx\/index.php\/wp-json\/wp\/v2\/product\/628","targetHints":{"allow":["GET"]}}],"collection":[{"href":"https:\/\/www.scee.mx\/index.php\/wp-json\/wp\/v2\/product"}],"about":[{"href":"https:\/\/www.scee.mx\/index.php\/wp-json\/wp\/v2\/types\/product"}],"replies":[{"embeddable":true,"href":"https:\/\/www.scee.mx\/index.php\/wp-json\/wp\/v2\/comments?post=628"}],"wp:featuredmedia":[{"embeddable":true,"href":"https:\/\/www.scee.mx\/index.php\/wp-json\/wp\/v2\/media\/632"}],"wp:attachment":[{"href":"https:\/\/www.scee.mx\/index.php\/wp-json\/wp\/v2\/media?parent=628"}],"wp:term":[{"taxonomy":"product_brand","embeddable":true,"href":"https:\/\/www.scee.mx\/index.php\/wp-json\/wp\/v2\/product_brand?post=628"},{"taxonomy":"product_cat","embeddable":true,"href":"https:\/\/www.scee.mx\/index.php\/wp-json\/wp\/v2\/product_cat?post=628"},{"taxonomy":"product_tag","embeddable":true,"href":"https:\/\/www.scee.mx\/index.php\/wp-json\/wp\/v2\/product_tag?post=628"}],"curies":[{"name":"wp","href":"https:\/\/api.w.org\/{rel}","templated":true}]}}